{"id":412,"date":"2021-11-17T11:05:43","date_gmt":"2021-11-17T10:05:43","guid":{"rendered":"https:\/\/www.arthrogrypose.fr\/p\/?page_id=412"},"modified":"2025-01-28T15:00:27","modified_gmt":"2025-01-28T14:00:27","slug":"informations-legales","status":"publish","type":"page","link":"https:\/\/www.arthrogrypose.fr\/p\/informations-legales\/","title":{"rendered":"Informations l\u00e9gales &#8211; RGPD"},"content":{"rendered":"\n<figure class=\"wp-block-image size-large\"><img loading=\"lazy\" decoding=\"async\" width=\"1024\" height=\"683\" src=\"https:\/\/www.arthrogrypose.fr\/p\/wp-content\/uploads\/2022\/01\/justice-gb161b28a9_1920-1024x683.jpg\" alt=\"\" class=\"wp-image-1199\" srcset=\"https:\/\/www.arthrogrypose.fr\/p\/wp-content\/uploads\/2022\/01\/justice-gb161b28a9_1920-980x653.jpg 980w, https:\/\/www.arthrogrypose.fr\/p\/wp-content\/uploads\/2022\/01\/justice-gb161b28a9_1920-480x320.jpg 480w\" sizes=\"(min-width: 0px) and (max-width: 480px) 480px, (min-width: 481px) and (max-width: 980px) 980px, (min-width: 981px) 1024px, 100vw\" \/><figcaption class=\"wp-element-caption\">image d&rsquo;illustration &#8211; La Justice <\/figcaption><\/figure>\n\n\n\n<p>Le site <strong>www.arthrogrypose.fr<\/strong> est \u00e9dit\u00e9 par l&rsquo;association d&rsquo;int\u00e9r\u00eat g\u00e9n\u00e9ral <strong>Alliance Arthrogrypose<\/strong>, association r\u00e9gie par la loi du 1er juillet 1901, dont le si\u00e8ge social est situ\u00e9 \u00e0 : 36, la Bosserie Sainte Anne &#8211; 35133 Romagn\u00e9 (Bretagne).<\/p>\n\n\n\n<p>Ce site tout public donne des informations g\u00e9n\u00e9rales sur les maladies rares relatives l&rsquo;Arthrogrypose, ainsi que sur l\u2019association Alliance Arthrogrypose. Les informations fournies sont destin\u00e9es \u00e0 am\u00e9liorer la connaissance des personnes sur ces maladies. <br><strong>En aucun cas, les informations fournies ne sont destin\u00e9es \u00e0 remplacer la relation qui existe entre le patient (ou visiteur du site) et son m\u00e9decin.<\/strong><\/p>\n\n\n\n<p>Ce site est uniquement financ\u00e9 par l\u2019association Alliance Arthrogrypose qui tire ses revenus principalement des cotisations et dons de ses membres et bienfaiteurs. Les membres du bureau n&rsquo;ont aucun conflit d&rsquo;int\u00e9r\u00eat.  La page des remerciements indique nos principaux donateurs institutionnels occasionnels.<\/p>\n\n\n\n<p>Ce site n\u2019accueille aucune forme de publicit\u00e9.<\/p>\n\n\n\n<p>L\u2019Alliance Arthrogrypose est titulaire des droits d\u2019auteur sur toutes les \u0153uvres figurant sur le site Web, notamment sur les textes et  les images, sauf mention contraire.<\/p>\n\n\n\n<p><strong>Directeur de la publication :<\/strong> Association Alliance Arthrogrypose <a href=\"https:\/\/www.arthrogrypose.fr\/contact\/\">www.arthrogrypose.fr\/contact\/<\/a><\/p>\n\n\n\n<p>Les r\u00e9dacteurs du site ne sont pas des professionnels de sant\u00e9. Ils sont b\u00e9n\u00e9voles associatifs. Les informations produites par eux sur ce site proviennent essentiellement de leur exp\u00e9rience personnelle.<\/p>\n\n\n\n<h2 class=\"wp-block-heading\">Droits de reproduction<\/h2>\n\n\n\n<p>L\u2019utilisateur du site de l\u2019Alliance s\u2019engage pour sa part \u00e0 respecter les r\u00e8gles de propri\u00e9t\u00e9 intellectuelle des divers contenus propos\u00e9s sur le site c\u2019est-\u00e0-dire : \u00e0 ne pas reproduire, r\u00e9sumer, modifier, alt\u00e9rer ou rediffuser, sans autorisation pr\u00e9alable de l\u2019Alliance Arthrogrypose, quelque article, titre, applications, logiciels, logo, marque, information, illustration ou photographie pour un usage autre que strictement priv\u00e9, ce qui exclut toute reproduction<\/p>\n\n\n\n<h2 class=\"wp-block-heading\">Donn\u00e9es personnelles et vie priv\u00e9e<\/h2>\n\n\n\n<h3 class=\"wp-block-heading\">Cookies de tracking<\/h3>\n\n\n\n<p>Ce site public est r\u00e9alis\u00e9 en \u00ab\u00a0informatique bio\u00a0\u00bb. Il n&rsquo;utilise pas de cookie de tracking externes, juste le minimum de cookies techniques indispensables. Selon le principe bio de production locale, il ne fait pas appel \u00e0 des services externes, issus d&rsquo;op\u00e9rateurs \u00e9trangers, am\u00e9ricains, russes ou chinois. N&rsquo;utilisant pas de cookie de tracking, il n&rsquo;est point besoin de demander d&rsquo;autorisation.<\/p>\n\n\n\n<p>Pour le suivi de fr\u00e9quentation du site, il utilise localement \u00e0 ce serveur l&rsquo;outil statistique : Matomo Analytics Ethical Stats. Il respecte la configuration \u00ab\u00a0Ne pas me tracer\u00a0\u00bb de votre browser, si vous l&rsquo;avez positionn\u00e9.<\/p>\n\n\n\n<p><code><p id=\"matomo_opted_out_intro\" style=\"display:none;\">Opt-out complete; your visits to this website will not be recorded by the Web Analytics tool. Note that if you clear your cookies, delete the opt-out cookie, or if you change computers or Web browsers, you will need to perform the opt-out procedure again.<\/p><p id=\"matomo_opted_in_intro\" >You may choose to prevent this website from aggregating and analyzing the actions you take here. Doing so will protect your privacy, but will also prevent the owner from learning from your actions and creating a better experience for you and other users.<\/p><form>\n        <input type=\"checkbox\" id=\"matomo_optout_checkbox\" checked=\"checked\"\/>\n        <label for=\"matomo_optout_checkbox\"><strong>\n        <span id=\"matomo_opted_in_label\" >You are not opted out. Uncheck this box to opt-out.<\/span>\n\t\t<span id=\"matomo_opted_out_label\" style=\"display:none;\">You are currently opted out. Check this box to opt-in.<\/span>\n        <\/strong><\/label><\/form><noscript><p><strong style=\"color: #ff0000;\">This opt out feature requires JavaScript.<\/strong><\/p><\/noscript><p id=\"matomo_outout_err_cookies\" style=\"display: none;\"><strong>The tracking opt-out feature requires cookies to be enabled.<\/strong><\/p><\/code><\/p>\n\n\n\n<h3 class=\"wp-block-heading\">Dons par Internet avec HelloAsso et cookies<\/h3>\n\n\n\n<p>La page de dons fait appel aux services de la plateforme <a href=\"https:\/\/www.helloasso.com\/associations\/alliance-arthrogrypose\">www.helloasso.com<\/a> avec des cookies de tracking de cette plateforme.<\/p>\n\n\n\n<h3 class=\"wp-block-heading\">Newsletter<\/h3>\n\n\n\n<p><br>Les donn\u00e9es personnelles transmises lors de l&rsquo;inscription \u00e0 la newsletter sont g\u00e9r\u00e9es par l&rsquo;association, sur le serveur de l&rsquo;association, gr\u00e2ce \u00e0 phpList, sans faire appel \u00e0 un prestataire externe. Les donn\u00e9es personnelles renseign\u00e9es sur ce site ne sont utilis\u00e9es qu\u2019aux fins associatives, conformes aux buts expos\u00e9s dans les statuts. Ces donn\u00e9es sont s\u00e9curis\u00e9es et ne sont en aucun cas diffus\u00e9es \u00e0 des tiers, ni utilis\u00e9es \u00e0 des fins commerciales ou publicitaires.<\/p>\n\n\n\n<p>Les diff\u00e9rentes publications d\u2019Alliance Arthrogrypose ne sont adress\u00e9es que sur demande expresse de leurs destinataires.<\/p>\n\n\n\n<h3 class=\"wp-block-heading\">Donn\u00e9es d&rsquo;adh\u00e9sion<\/h3>\n\n\n\n<p>Les informations recueillies lors de votre don ou adh\u00e9sion \u00e0 l&rsquo;association font l&rsquo;objet d&rsquo;un traitement informatique et sont destin\u00e9es au secr\u00e9tariat de l&rsquo;association. Elles sont g\u00e9r\u00e9es sur la plateforme <a href=\"https:\/\/www.ohme.fr\/\" target=\"_blank\" rel=\"noreferrer noopener\">www.ohme.fr<\/a>  <\/p>\n\n\n\n<p>Vos donn\u00e9es personnelles seront utilis\u00e9es dans le cadre des statuts de notre association. La liste de nos membres et donateurs, n&rsquo;est diffus\u00e9e qu&rsquo;au sein du Conseil d&rsquo;Administration de notre association. Nous ne la diffusons pas sur notre site Internet. Nous ne la diffusons pas \u00e0 d&rsquo;autres organismes. Nous ne communiquerons vos informations \u00e0 des tiers ( m\u00e9decins, organismes de recherche ) ou ponctuellement \u00e0 des membres et sympathisants qu&rsquo;avec votre autorisation.<br>Nous mettons en \u0153uvre les moyens techniques de protection des fichiers contre des acc\u00e8s non autoris\u00e9s ( politique de diffusion, politique de mots de passe ).<\/p>\n\n\n\n<p>La partie du site destin\u00e9 \u00e0 \u00ab\u00a0l&rsquo;espace r\u00e9serv\u00e9 aux membres\u00a0\u00bb est prot\u00e9g\u00e9 par mot de passe et est inaccessible aux robots internet.<\/p>\n\n\n\n<h3 class=\"wp-block-heading\">RGPD &#8211; droit d&rsquo;acc\u00e8s, de correction, de suppression<\/h3>\n\n\n\n<p>Conform\u00e9ment au RGPD ( R\u00e8glement G\u00e9n\u00e9ral sur la Protection des Donn\u00e9es ), vous avez un droit d&rsquo;acc\u00e8s, correction ou suppression des informations vous concernant en vous adressant au bureau de Association Alliance Arthrogrypose   <a href=\"https:\/\/www.arthrogrypose.fr\/contact\/\">www.arthrogrypose.fr\/contact\/<\/a><\/p>\n\n\n\n<h2 class=\"wp-block-heading\">H\u00e9bergement<\/h2>\n\n\n\n<h3 class=\"wp-block-heading\">H\u00e9bergeur OVH<\/h3>\n\n\n\n<p>Ce site est h\u00e9berg\u00e9 \u00e0 Gravelines &#8211; 59 Nord &#8211; France, par l&rsquo;entreprise fran\u00e7aise OVH SAS, une filiale de la soci\u00e9t\u00e9 OVH Groupe SAS, soci\u00e9t\u00e9 immatricul\u00e9e au RCS de Lille sous le num\u00e9ro 537 407 926 sise 2, rue Kellermann, 59100 Roubaix &#8211; <a href=\"https:\/\/www.ovh.com\/fr\/support\/mentions-legales\/\" target=\"_blank\" rel=\"noreferrer noopener\">www.ovh.com\/mentions-legales\/<\/a><\/p>\n\n\n\n<h3 class=\"wp-block-heading\">Commission Nationale Informatique et Libert\u00e9s<\/h3>\n\n\n\n<p>Depuis la d\u00e9lib\u00e9ration 2006-130 du 9 Mai 2006, les associations \u00e0 but non lucratif sont dispens\u00e9es de d\u00e9clarer leur fichier de membres et donateurs, ainsi que leur site Internet . Sinon, nous l&rsquo;aurions fait !<\/p>\n\n\n\n<p><\/p>\n\n\n\n<p><\/p>\n","protected":false},"excerpt":{"rendered":"<p>Le site www.arthrogrypose.fr est \u00e9dit\u00e9 par l&rsquo;association d&rsquo;int\u00e9r\u00eat g\u00e9n\u00e9ral Alliance Arthrogrypose, association r\u00e9gie par la loi du 1er juillet 1901, dont le si\u00e8ge social est situ\u00e9 \u00e0 : 36, la Bosserie Sainte Anne &#8211; 35133 Romagn\u00e9 (Bretagne). Ce site tout public donne des informations g\u00e9n\u00e9rales sur les maladies rares relatives l&rsquo;Arthrogrypose, ainsi que sur l\u2019association [&hellip;]<\/p>\n","protected":false},"author":4,"featured_media":0,"parent":0,"menu_order":0,"comment_status":"closed","ping_status":"closed","template":"","meta":{"_et_pb_use_builder":"off","_et_pb_old_content":"","_et_gb_content_width":"","inline_featured_image":false,"footnotes":""},"class_list":["post-412","page","type-page","status-publish","hentry"],"_links":{"self":[{"href":"https:\/\/www.arthrogrypose.fr\/p\/wp-json\/wp\/v2\/pages\/412","targetHints":{"allow":["GET"]}}],"collection":[{"href":"https:\/\/www.arthrogrypose.fr\/p\/wp-json\/wp\/v2\/pages"}],"about":[{"href":"https:\/\/www.arthrogrypose.fr\/p\/wp-json\/wp\/v2\/types\/page"}],"author":[{"embeddable":true,"href":"https:\/\/www.arthrogrypose.fr\/p\/wp-json\/wp\/v2\/users\/4"}],"replies":[{"embeddable":true,"href":"https:\/\/www.arthrogrypose.fr\/p\/wp-json\/wp\/v2\/comments?post=412"}],"version-history":[{"count":3,"href":"https:\/\/www.arthrogrypose.fr\/p\/wp-json\/wp\/v2\/pages\/412\/revisions"}],"predecessor-version":[{"id":2648,"href":"https:\/\/www.arthrogrypose.fr\/p\/wp-json\/wp\/v2\/pages\/412\/revisions\/2648"}],"wp:attachment":[{"href":"https:\/\/www.arthrogrypose.fr\/p\/wp-json\/wp\/v2\/media?parent=412"}],"curies":[{"name":"wp","href":"https:\/\/api.w.org\/{rel}","templated":true}]}}