{"id":379,"date":"2021-11-04T15:22:02","date_gmt":"2021-11-04T14:22:02","guid":{"rendered":"https:\/\/www.arthrogrypose.fr\/p\/?page_id=379"},"modified":"2022-09-13T15:53:52","modified_gmt":"2022-09-13T13:53:52","slug":"accueil","status":"publish","type":"page","link":"https:\/\/www.arthrogrypose.fr\/p\/","title":{"rendered":"Accueil"},"content":{"rendered":"[et_pb_section fb_built=\u00a0\u00bb1&Prime; _builder_version=\u00a0\u00bb4.16&Prime; _module_preset=\u00a0\u00bbdefault\u00a0\u00bb global_colors_info=\u00a0\u00bb{}\u00a0\u00bb][et_pb_row _builder_version=\u00a0\u00bb4.17.5&Prime; _module_preset=\u00a0\u00bbdefault\u00a0\u00bb global_colors_info=\u00a0\u00bb{}\u00a0\u00bb][et_pb_column type=\u00a0\u00bb4_4&Prime; _builder_version=\u00a0\u00bb4.16&Prime; _module_preset=\u00a0\u00bbdefault\u00a0\u00bb global_colors_info=\u00a0\u00bb{}\u00a0\u00bb][et_pb_image src=\u00a0\u00bbhttps:\/\/www.arthrogrypose.fr\/p\/wp-content\/uploads\/2021\/12\/Vivre-Avec-H-e1657629194766-1024&#215;355.jpg\u00a0\u00bb alt=\u00a0\u00bbAccueil  Alliance Arthrogrypose\u00a0\u00bb title_text=\u00a0\u00bbAssociation Alliance Arthrogrypose\u00a0\u00bb align=\u00a0\u00bbcenter\u00a0\u00bb module_class=\u00a0\u00bbnoMaxWidth\u00a0\u00bb _builder_version=\u00a0\u00bb4.17.5&Prime; _module_preset=\u00a0\u00bbdefault\u00a0\u00bb max_width=\u00a0\u00bb100%\u00a0\u00bb global_colors_info=\u00a0\u00bb{}\u00a0\u00bb][\/et_pb_image][et_pb_text _builder_version=\u00a0\u00bb4.16&Prime; _module_preset=\u00a0\u00bbdefault\u00a0\u00bb global_colors_info=\u00a0\u00bb{}\u00a0\u00bb]\n<h1>Association Alliance Arthrogrypose<\/h1>\n[\/et_pb_text][et_pb_text _builder_version=\u00a0\u00bb4.16&Prime; _module_preset=\u00a0\u00bbdefault\u00a0\u00bb global_colors_info=\u00a0\u00bb{}\u00a0\u00bb]\n<h2>L&rsquo; Arthrogrypose Multiple Cong\u00e9nitale, en trois mots :<\/h2>\n[\/et_pb_text][et_pb_text _builder_version=\u00a0\u00bb4.18.0&Prime; _module_preset=\u00a0\u00bbdefault\u00a0\u00bb custom_padding=\u00a0\u00bb||0px|||\u00a0\u00bb hover_enabled=\u00a0\u00bb0&Prime; global_colors_info=\u00a0\u00bb{}\u00a0\u00bb sticky_enabled=\u00a0\u00bb0&Prime;]\n<p>Bienvenue sur le site de l&rsquo;<strong>Association Alliance Arthrogrypose<\/strong>, d\u00e9di\u00e9 aux familles et patients concern\u00e9s par l&rsquo;<strong>Arthrogrypose Multiple Cong\u00e9nitale (AMC) :<\/strong><\/p>\n<ul>\n<li><strong>Arthrogrypose<\/strong> : vient du grec et signifie <strong>articulations tordues<\/strong><\/li>\n<li><strong>Multiple<\/strong> : au moins deux types d\u2019articulations diff\u00e9rentes sont concern\u00e9es ( pied et genoux, ou pied et main, mais pas seulement 2 pieds bots )<\/li>\n<li><strong>Cong\u00e9nitale<\/strong> : pr\u00e9sent <strong>d\u00e8s la naissance<\/strong> (et m\u00eame avant)<\/li>\n<\/ul>\n<p>L&rsquo;AMC est un <strong>syndrome rare<\/strong> (sympt\u00f4mes) pouvant \u00eatre provoqu\u00e9 par plusieurs (nombreuses) <strong>maladies (tr\u00e8s) rares<\/strong>, avec un large \u00e9ventail d&rsquo;atteintes, aux cons\u00e9quences variant de l\u00e9g\u00e8res \u00e0 s\u00e9v\u00e8res.<\/p>\n<p>Pour en savoir plus, questions-r\u00e9ponses :\u00a0 <a href=\"https:\/\/www.arthrogrypose.fr\/p\/definition-comprendre-syndrome-arthrogrypose-classification-amyoplasie\/\">Comprendre l&rsquo;Arthrogrypose et les arthrogryposes<\/a><\/p>\n<p>Pour voir : <a href=\"https:\/\/www.arthrogrypose.fr\/p\/video-film-documentaire-arthrogrypose\/\">notre film documentaire<\/a><\/p>\n<p>Pour aider l&rsquo;association : <a href=\"https:\/\/www.arthrogrypose.fr\/p\/adherer-donner\/\">Adh\u00e9rer, donner, aider<\/a><\/p>\n<p>Pour faire un bilan complet\u00a0 arthrogrypose : <a href=\"https:\/\/www.arthrogrypose.fr\/p\/centre-reference-arthrogrypose-CHU-Grenoble\/\">Centre de r\u00e9f\u00e9rence arthrogrypose<\/a><\/p>\n<p>Pour rencontrer d&rsquo;autres familles arthrogryposes : <a href=\"https:\/\/www.arthrogrypose.fr\/p\/prochaine-rencontre-nationnale\/\">nos rencontres<\/a><\/p>\n[\/et_pb_text][et_pb_text _builder_version=\u00a0\u00bb4.16&Prime; _module_preset=\u00a0\u00bbdefault\u00a0\u00bb global_colors_info=\u00a0\u00bb{}\u00a0\u00bb]\n<h2>Informations utiles et derni\u00e8res actualit\u00e9s<\/h2>\n[\/et_pb_text][\/et_pb_column][\/et_pb_row][et_pb_row column_structure=\u00a0\u00bb1_2,1_2&Prime; _builder_version=\u00a0\u00bb4.16&Prime; _module_preset=\u00a0\u00bbdefault\u00a0\u00bb display_conditions=\u00a0\u00bbW10=\u00a0\u00bb global_colors_info=\u00a0\u00bb{}\u00a0\u00bb][et_pb_column type=\u00a0\u00bb1_2&Prime; _builder_version=\u00a0\u00bb4.16&Prime; _module_preset=\u00a0\u00bbdefault\u00a0\u00bb global_colors_info=\u00a0\u00bb{}\u00a0\u00bb][et_pb_slider show_content_on_mobile=\u00a0\u00bboff\u00a0\u00bb show_image_video_mobile=\u00a0\u00bbon\u00a0\u00bb use_bg_overlay=\u00a0\u00bbon\u00a0\u00bb use_text_overlay=\u00a0\u00bbon\u00a0\u00bb disabled_on=\u00a0\u00bboff|off|off\u00a0\u00bb module_id=\u00a0\u00bbsliderpages\u00a0\u00bb _builder_version=\u00a0\u00bb4.17.5&Prime; _module_preset=\u00a0\u00bbdefault\u00a0\u00bb background_color=\u00a0\u00bbRGBA(255,255,255,0)\u00a0\u00bb animation_style=\u00a0\u00bbfold\u00a0\u00bb auto=\u00a0\u00bbon\u00a0\u00bb hover_transition_duration=\u00a0\u00bb0ms\u00a0\u00bb text_shadow_style=\u00a0\u00bbpreset5&Prime; global_colors_info=\u00a0\u00bb{}\u00a0\u00bb][et_pb_slide heading=\u00a0\u00bbAdh\u00e9rer, Donner, Aider\u00a0\u00bb button_text=\u00a0\u00bbAider&#8230;\u00a0\u00bb button_link=\u00a0\u00bbhttps:\/\/www.arthrogrypose.fr\/p\/adherer-donner\/\u00a0\u00bb image=\u00a0\u00bbhttps:\/\/www.arthrogrypose.fr\/p\/wp-content\/uploads\/2021\/11\/images5254.jpg\u00a0\u00bb _builder_version=\u00a0\u00bb4.17.4&Prime; _module_preset=\u00a0\u00bbdefault\u00a0\u00bb background_color=\u00a0\u00bbRGBA(255,255,255,0)\u00a0\u00bb background_enable_color=\u00a0\u00bbon\u00a0\u00bb global_colors_info=\u00a0\u00bb{}\u00a0\u00bb sticky_transition=\u00a0\u00bbon\u00a0\u00bb]\n<p>En adh\u00e9rant, vous renforcez notre association,<br \/>En adh\u00e9rant, vous profitez des informations accumul\u00e9es par l&rsquo;association !<\/p>\n[\/et_pb_slide][et_pb_slide heading=\u00a0\u00bbNous contacter\u00a0\u00bb button_text=\u00a0\u00bbContact !\u00a0\u00bb button_link=\u00a0\u00bbhttps:\/\/www.arthrogrypose.fr\/p\/nous-contacter\/\u00a0\u00bb image=\u00a0\u00bbhttps:\/\/www.arthrogrypose.fr\/p\/wp-content\/uploads\/2021\/11\/images5023-e1657634380461.jpg\u00a0\u00bb heading_last_edited=\u00a0\u00bboff|desktop\u00a0\u00bb _builder_version=\u00a0\u00bb4.17.4&Prime; _module_preset=\u00a0\u00bbdefault\u00a0\u00bb background_color=\u00a0\u00bbRGBA(255,255,255,0)\u00a0\u00bb background_enable_color=\u00a0\u00bbon\u00a0\u00bb custom_css_slide_image=\u00a0\u00bbskip-lazy,\u00a0\u00bb global_colors_info=\u00a0\u00bb{}\u00a0\u00bb sticky_transition=\u00a0\u00bbon\u00a0\u00bb]\n<p>Profitez des diff\u00e9rents canaux pour nous contacter&#8230;<\/p>\n[\/et_pb_slide][et_pb_slide heading=\u00a0\u00bbNewsletter\u00a0\u00bb button_text=\u00a0\u00bbS&rsquo;inscrire\u00a0\u00bb button_link=\u00a0\u00bbhttps:\/\/www.arthrogrypose.fr\/p\/newsletters\/\u00a0\u00bb image=\u00a0\u00bbhttps:\/\/www.arthrogrypose.fr\/p\/wp-content\/uploads\/2021\/11\/images5266-e1657634238569.jpg\u00a0\u00bb arrows_custom_color=\u00a0\u00bb#CC0033&Prime; dot_nav_custom_color=\u00a0\u00bb#CC0033&Prime; _builder_version=\u00a0\u00bb4.17.4&Prime; _module_preset=\u00a0\u00bbdefault\u00a0\u00bb background_color=\u00a0\u00bbRGBA(255,255,255,0)\u00a0\u00bb background_enable_color=\u00a0\u00bbon\u00a0\u00bb custom_css_slide_image=\u00a0\u00bbskip-lazy,\u00a0\u00bb global_colors_info=\u00a0\u00bb{}\u00a0\u00bb sticky_transition=\u00a0\u00bbon\u00a0\u00bb]\n<p>Tenez vous inform\u00e9 en vous inscrivant \u00e0 notre news letter<\/p>\n[\/et_pb_slide][et_pb_slide heading=\u00a0\u00bbVivre Avec l&rsquo;Arthrogrypose\u00a0\u00bb button_text=\u00a0\u00bbVoir&#8230;\u00a0\u00bb button_link=\u00a0\u00bbhttps:\/\/www.arthrogrypose.fr\/p\/documentaire\/\u00a0\u00bb image=\u00a0\u00bbhttps:\/\/www.arthrogrypose.fr\/p\/wp-content\/uploads\/2022\/01\/VivreAvec-300&#215;167.jpg\u00a0\u00bb image_last_edited=\u00a0\u00bboff|tablet\u00a0\u00bb _builder_version=\u00a0\u00bb4.17.4&Prime; _module_preset=\u00a0\u00bbdefault\u00a0\u00bb custom_css_slide_image=\u00a0\u00bbskip-lazy,\u00a0\u00bb global_colors_info=\u00a0\u00bb{}\u00a0\u00bb sticky_transition=\u00a0\u00bbon\u00a0\u00bb]\n<p>Rien de tel que notre documentaire pour d\u00e9couvrir l&rsquo;Arthrogrypose sous ses diff\u00e9rents aspects !<\/p>\n[\/et_pb_slide][et_pb_slide heading=\u00a0\u00bbBilan Arthrogrypose\u00a0\u00bb button_text=\u00a0\u00bbS&rsquo;informer\u00a0\u00bb image=\u00a0\u00bbhttps:\/\/www.arthrogrypose.fr\/p\/wp-content\/uploads\/2021\/11\/images1321-300&#215;169.jpg\u00a0\u00bb _builder_version=\u00a0\u00bb4.17.5&Prime; _module_preset=\u00a0\u00bbdefault\u00a0\u00bb global_colors_info=\u00a0\u00bb{}\u00a0\u00bb sticky_transition=\u00a0\u00bbon\u00a0\u00bb]\n<p>Comment faire un bilan au Centre de R\u00e9f\u00e9rence Arthrogrypose de Grenoble.<\/p>\n[\/et_pb_slide][\/et_pb_slider][\/et_pb_column][et_pb_column type=\u00a0\u00bb1_2&Prime; _builder_version=\u00a0\u00bb4.16&Prime; _module_preset=\u00a0\u00bbdefault\u00a0\u00bb global_colors_info=\u00a0\u00bb{}\u00a0\u00bb][et_pb_post_slider posts_number=\u00a0\u00bb3&Prime; include_categories=\u00a0\u00bball\u00a0\u00bb show_pagination=\u00a0\u00bboff\u00a0\u00bb excerpt_length=\u00a0\u00bb120&Prime; show_meta=\u00a0\u00bboff\u00a0\u00bb show_content_on_mobile=\u00a0\u00bboff\u00a0\u00bb show_cta_on_mobile=\u00a0\u00bboff\u00a0\u00bb show_image_video_mobile=\u00a0\u00bbon\u00a0\u00bb module_id=\u00a0\u00bbsliderarticles\u00a0\u00bb _builder_version=\u00a0\u00bb4.16&Prime; _module_preset=\u00a0\u00bbdefault\u00a0\u00bb animation_style=\u00a0\u00bbflip\u00a0\u00bb auto=\u00a0\u00bbon\u00a0\u00bb auto_speed=\u00a0\u00bb5000&Prime; locked=\u00a0\u00bboff\u00a0\u00bb global_colors_info=\u00a0\u00bb{}\u00a0\u00bb][\/et_pb_post_slider][\/et_pb_column][\/et_pb_row][et_pb_row make_equal=\u00a0\u00bbon\u00a0\u00bb _builder_version=\u00a0\u00bb4.16&Prime; _module_preset=\u00a0\u00bbdefault\u00a0\u00bb global_colors_info=\u00a0\u00bb{}\u00a0\u00bb][et_pb_column type=\u00a0\u00bb4_4&Prime; _builder_version=\u00a0\u00bb4.16&Prime; _module_preset=\u00a0\u00bbdefault\u00a0\u00bb global_colors_info=\u00a0\u00bb{}\u00a0\u00bb][et_pb_blog fullwidth=\u00a0\u00bboff\u00a0\u00bb posts_number=\u00a0\u00bb3&Prime; include_categories=\u00a0\u00bb5&Prime; use_manual_excerpt=\u00a0\u00bboff\u00a0\u00bb show_more=\u00a0\u00bbon\u00a0\u00bb show_categories=\u00a0\u00bboff\u00a0\u00bb module_id=\u00a0\u00bbactus3vignettes\u00a0\u00bb _builder_version=\u00a0\u00bb4.16&Prime; _module_preset=\u00a0\u00bbdefault\u00a0\u00bb custom_padding=\u00a0\u00bb||0px|||\u00a0\u00bb locked=\u00a0\u00bboff\u00a0\u00bb global_colors_info=\u00a0\u00bb{}\u00a0\u00bb][\/et_pb_blog][\/et_pb_column][\/et_pb_row][et_pb_row _builder_version=\u00a0\u00bb4.17.4&Prime; _module_preset=\u00a0\u00bbdefault\u00a0\u00bb global_colors_info=\u00a0\u00bb{}\u00a0\u00bb][et_pb_column type=\u00a0\u00bb4_4&Prime; _builder_version=\u00a0\u00bb4.17.4&Prime; _module_preset=\u00a0\u00bbdefault\u00a0\u00bb global_colors_info=\u00a0\u00bb{}\u00a0\u00bb][et_pb_text _builder_version=\u00a0\u00bb4.17.4&Prime; _module_preset=\u00a0\u00bbdefault\u00a0\u00bb link_option_url=\u00a0\u00bbhttps:\/\/www.arthrogrypose.fr\/p\/actu\/\u00a0\u00bb global_colors_info=\u00a0\u00bb{}\u00a0\u00bb]\n<p><a href=\"https:\/\/www.arthrogrypose.fr\/p\/actu\/\">Retrouvez toutes les derni\u00e8res actualit\u00e9s &#8230;<\/a><\/p>\n[\/et_pb_text][\/et_pb_column][\/et_pb_row][et_pb_row _builder_version=\u00a0\u00bb4.17.4&Prime; _module_preset=\u00a0\u00bbdefault\u00a0\u00bb global_colors_info=\u00a0\u00bb{}\u00a0\u00bb][et_pb_column type=\u00a0\u00bb4_4&Prime; _builder_version=\u00a0\u00bb4.17.4&Prime; _module_preset=\u00a0\u00bbdefault\u00a0\u00bb global_colors_info=\u00a0\u00bb{}\u00a0\u00bb][et_pb_text _builder_version=\u00a0\u00bb4.17.4&Prime; _module_preset=\u00a0\u00bbdefault\u00a0\u00bb global_colors_info=\u00a0\u00bb{}\u00a0\u00bb]\n<p>Pour d\u00e9passer le d\u00e9sarroi initial, voici un t\u00e9moignage de parents<\/p>\n[\/et_pb_text][et_pb_text _builder_version=\u00a0\u00bb4.17.4&Prime; _module_preset=\u00a0\u00bbdefault\u00a0\u00bb global_colors_info=\u00a0\u00bb{}\u00a0\u00bb]\n<details class=\"wp-block-jvm-details-summary\">\n<summary>\n<h2>T\u00e9moignage : Basile, ou l\u2019indispensable n\u00e9cessit\u00e9 des associations.<\/h2>\n<\/summary>\n<div>\n<p>Voici l\u2019histoire de Basile, petit gar\u00e7on heureux atteint d\u2019arthrogrypose. Il est n\u00e9 le 24 ao\u00fbt 2009, apr\u00e8s bon nombre de p\u00e9rip\u00e9ties\u2026<\/p>\n<p>Alors que j\u2019\u00e9tais enceinte, \u00e9panouie et heureuse avec mon mari, notre m\u00e9decin d\u00e9tecta, lors de la seconde \u00e9chographie, une absence de mouvement du b\u00e9b\u00e9, en plus de malformations des pieds. Nous nous attendions \u00e0 ces malformations, \u00e9tant moi-m\u00eame atteinte (tr\u00e8s l\u00e9g\u00e8rement) d\u2019arthrogrypose, mais l\u2019absence de mouvement nous a fait peur. S\u2019en est suivie alors toute une s\u00e9rie d\u2019examens (amniocent\u00e8se, plusieurs \u00e9chographies, rencontre avec une g\u00e9n\u00e9ticienne, une psychologue, un m\u00e9decin de r\u00e9adaptation\u2026). Mais aucune r\u00e9ponse n\u2019\u00e9tait clairement apport\u00e9e, notre enfant se situant \u00e0 chaque fois \u00ab \u00e0 la limite \u00bb entre le normal et le pathologique. A plusieurs reprises les m\u00e9decins nous ont dit, et r\u00e9p\u00e9t\u00e9 jusqu\u2019\u00e0 la fin de la grossesse, \u00eatre favorables \u00e0 une interruption m\u00e9dicale de grossesse. Personne ne pouvait nous dire si notre enfant pourrait marcher, bouger les bras, ouvrir la bouche et m\u00eame respirer seul\u2026 Les m\u00e9decins parlaient \u00ab d\u2019immobilisme f\u0153tal \u00bb, de \u00ab syndrome de Pena Shocker \u00bb (syndrome peu connu, manifestement contest\u00e9 par certains m\u00e9decins, mais qui se caract\u00e9rise notamment par un pronostic vital tr\u00e8s faible, de quelques jours au mieux)\u2026 A chaque \u00e9chographie nous d\u00e9cidions d\u2019attendre le prochain examen, pour voir si les images \u00e9voluaient positivement ou pas, mais peu d\u2019espoir nous \u00e9tait donn\u00e9.<\/p>\n<p>Nous nous sommes alors tourn\u00e9s vers l\u2019association Alliance Arthrogrypose, trouv\u00e9e au cours de recherches sur internet. Nous y avons trouv\u00e9 un accueil chaleureux, des t\u00e9moignages tr\u00e8s r\u00e9confortants et avons pu \u00eatre mis en contact avec le Pr JOUK, du centre de Grenoble. Avec son \u00e9quipe, il a su se montrer tr\u00e8s attentif et disponible et a eu un discours encourageant, bien que lui non plus ne puisse nous apporter de r\u00e9ponses certaines\u2026 on ne peut tout savoir avec une simple \u00e9chographie !<\/p>\n<p>Mais nous avons voulu croire \u00e0 la vie, nous attachant au moindre signe positif (\u2018Oh, son bras est tendu, c\u2019est donc qu\u2019il a pu le bouger\u00a0! Oh, on voit des signes d\u2019\u00e9changes gazeux, il respire donc !&#8230;.). Notre \u00ab seuil de tol\u00e9rance \u00bb au handicap augmentait de jour en jour et surtout nous avons lu, avec souvent une intense \u00e9motion, tous les t\u00e9moignages de familles ou de personnes atteintes d\u2019arthrogrypose. Au fil de nos lectures nous avons \u00e9t\u00e9 frapp\u00e9s par la joie de vivre de tous ces enfants, et aussi le courage et l\u2019\u00e9nergie de chacun. Nous avons alors compris que ce n\u2019\u00e9tait pas l\u2019enfant qui \u00e9tait handicap\u00e9, mais les situations et le regard des autres qui \u00e9taient handicapant. Nous avons donc d\u00e9cid\u00e9 d\u2019accueillir notre enfant et de tout faire pour que son \u00ab handicap \u00bb n\u2019en soit finalement pas un.<\/p>\n<p>Basile est n\u00e9 \u00e0 Nancy, trois semaines avant le terme, par c\u00e9sarienne programm\u00e9e (il \u00e9tait en si\u00e8ge et, compte tenu de toutes les inqui\u00e9tudes des m\u00e9decins, aucun risque n\u2019a \u00e9t\u00e9 pris). Tout s\u2019est bien pass\u00e9 m\u00eame si je n\u2019ai pu le voir et le tenir dans mes bras qu\u2019un jour et demi apr\u00e8s sa naissance : il a imm\u00e9diatement \u00e9t\u00e9 mis en couveuse, aux soins intensifs \u00ab par pr\u00e9caution \u00bb, pendant 11 jours. Heureusement, son papa a pu rester pr\u00e8s de lui.<\/p>\n<p>Finalement, Basile a r\u00e9ussi \u00e0 respirer sans aucune assistance et ses malformations se sont av\u00e9r\u00e9es minimes : pieds bots, mains \u00ab en griffe et en coup de vent \u00bb, quelques limitations des genoux et coudes, un petit menton recul\u00e9 qui a rendu les t\u00e9t\u00e9es particuli\u00e8rement difficiles mais pas impossibles\u2026<\/p>\n<p>Aujourd\u2019hui, Basile voit son cher kin\u00e9 tous les jours. Il porte des attelles aux pieds et aux mains (mais uniquement la nuit, depuis quelques mois !!) et va bient\u00f4t se faire op\u00e9rer des pieds (mais aucune intervention n\u2019est n\u00e9cessaire pour ses mains qu\u2019il utilise tr\u00e8s bien). Il file \u00e0 toute allure dans son trotteur et bouge de plus en plus m\u00eame s\u2019il est plus d\u00e9crit comme \u2018contemplatif\u2019 que \u2018speed\u2019\u2026<br \/>\nNous ne cesserons donc de remercier tous ceux qui nous ont \u00e9cout\u00e9s, soutenus et encourag\u00e9s. En particulier notre entourage qui a su \u00eatre pr\u00e9sent tout en respectant nos choix, quels qu\u2019ils soient, et les membres de l\u2019association qui ont tr\u00e8s certainement eu un r\u00f4le majeur dans notre d\u00e9cision finale.<\/p>\n<p>Pour finir, je cite son p\u00e9diatre qui a fait sans doute un des plus beaux commentaires au sujet de Basile : \u00ab voil\u00e0 un p\u2019tit bonhomme bien dans sa peau de b\u00e9b\u00e9 ! \u00bb. Je vous laisse en juger\u2026<\/p>\n<p>Marie, maman de Basile (Gazette 2010)<\/p>\n<\/div>\n<\/details>\n[\/et_pb_text][\/et_pb_column][\/et_pb_row][et_pb_row column_structure=\u00a0\u00bb1_3,1_3,1_3&Prime; _builder_version=\u00a0\u00bb4.16.1&Prime; _module_preset=\u00a0\u00bbdefault\u00a0\u00bb global_colors_info=\u00a0\u00bb{}\u00a0\u00bb][et_pb_column type=\u00a0\u00bb1_3&Prime; _builder_version=\u00a0\u00bb4.16.1&Prime; _module_preset=\u00a0\u00bbdefault\u00a0\u00bb global_colors_info=\u00a0\u00bb{}\u00a0\u00bb][\/et_pb_column][et_pb_column type=\u00a0\u00bb1_3&Prime; _builder_version=\u00a0\u00bb4.16.1&Prime; _module_preset=\u00a0\u00bbdefault\u00a0\u00bb global_colors_info=\u00a0\u00bb{}\u00a0\u00bb][et_pb_image src=\u00a0\u00bbhttps:\/\/www.arthrogrypose.fr\/p\/wp-content\/uploads\/2022\/04\/Basile-2010-200&#215;300.jpg\u00a0\u00bb alt=\u00a0\u00bbBasile, ou l\u2019indispensable n\u00e9cessit\u00e9 des associations.\u00a0\u00bb title_text=\u00a0\u00bbBasile, ou l\u2019indispensable n\u00e9cessit\u00e9 des associations.\u00a0\u00bb align=\u00a0\u00bbcenter\u00a0\u00bb _builder_version=\u00a0\u00bb4.17.5&Prime; _module_preset=\u00a0\u00bbdefault\u00a0\u00bb width=\u00a0\u00bb100%\u00a0\u00bb max_height=\u00a0\u00bb300px\u00a0\u00bb global_colors_info=\u00a0\u00bb{}\u00a0\u00bb][\/et_pb_image][\/et_pb_column][et_pb_column type=\u00a0\u00bb1_3&Prime; _builder_version=\u00a0\u00bb4.16.1&Prime; _module_preset=\u00a0\u00bbdefault\u00a0\u00bb global_colors_info=\u00a0\u00bb{}\u00a0\u00bb][\/et_pb_column][\/et_pb_row][\/et_pb_section]\n","protected":false},"excerpt":{"rendered":"<p>Association Alliance Arthrogrypose L&rsquo;&#8230;<\/p>\n","protected":false},"author":4,"featured_media":225,"parent":0,"menu_order":0,"comment_status":"closed","ping_status":"closed","template":"","meta":{"_et_pb_use_builder":"on","_et_pb_old_content":"","_et_gb_content_width":"","inline_featured_image":false,"footnotes":""},"class_list":["post-379","page","type-page","status-publish","has-post-thumbnail","hentry"],"_links":{"self":[{"href":"https:\/\/www.arthrogrypose.fr\/p\/wp-json\/wp\/v2\/pages\/379","targetHints":{"allow":["GET"]}}],"collection":[{"href":"https:\/\/www.arthrogrypose.fr\/p\/wp-json\/wp\/v2\/pages"}],"about":[{"href":"https:\/\/www.arthrogrypose.fr\/p\/wp-json\/wp\/v2\/types\/page"}],"author":[{"embeddable":true,"href":"https:\/\/www.arthrogrypose.fr\/p\/wp-json\/wp\/v2\/users\/4"}],"replies":[{"embeddable":true,"href":"https:\/\/www.arthrogrypose.fr\/p\/wp-json\/wp\/v2\/comments?post=379"}],"version-history":[{"count":10,"href":"https:\/\/www.arthrogrypose.fr\/p\/wp-json\/wp\/v2\/pages\/379\/revisions"}],"predecessor-version":[{"id":2210,"href":"https:\/\/www.arthrogrypose.fr\/p\/wp-json\/wp\/v2\/pages\/379\/revisions\/2210"}],"wp:featuredmedia":[{"embeddable":true,"href":"https:\/\/www.arthrogrypose.fr\/p\/wp-json\/wp\/v2\/media\/225"}],"wp:attachment":[{"href":"https:\/\/www.arthrogrypose.fr\/p\/wp-json\/wp\/v2\/media?parent=379"}],"curies":[{"name":"wp","href":"https:\/\/api.w.org\/{rel}","templated":true}]}}