{"id":305,"date":"2021-11-03T14:48:47","date_gmt":"2021-11-03T13:48:47","guid":{"rendered":"https:\/\/www.arthrogrypose.fr\/p\/?page_id=305"},"modified":"2022-07-05T16:37:51","modified_gmt":"2022-07-05T14:37:51","slug":"aides-aux-personnes","status":"publish","type":"page","link":"https:\/\/www.arthrogrypose.fr\/p\/aides-aux-personnes\/","title":{"rendered":"Aides aux personnes"},"content":{"rendered":"\n<figure class=\"wp-block-image size-large\"><img loading=\"lazy\" decoding=\"async\" width=\"1024\" height=\"576\" src=\"https:\/\/www.arthrogrypose.fr\/p\/wp-content\/uploads\/2021\/11\/Screenshot-at-2018-06-25-212940-1024x576.jpg\" alt=\"\" class=\"wp-image-267\" srcset=\"https:\/\/www.arthrogrypose.fr\/p\/wp-content\/uploads\/2021\/11\/Screenshot-at-2018-06-25-212940-980x551.jpg 980w, https:\/\/www.arthrogrypose.fr\/p\/wp-content\/uploads\/2021\/11\/Screenshot-at-2018-06-25-212940-480x270.jpg 480w\" sizes=\"(min-width: 0px) and (max-width: 480px) 480px, (min-width: 481px) and (max-width: 980px) 980px, (min-width: 981px) 1024px, 100vw\" \/><figcaption>Chien d&rsquo;assistance<\/figcaption><\/figure>\n\n\n\n<p>Dans le cadre de <a href=\"https:\/\/www.arthrogrypose.fr\/p\/statuts-et-reglement-interieur\/\">ses statuts et de son r\u00e8glement int\u00e9rieur<\/a>, l&rsquo;association peut vous apporter une aide financi\u00e8re.<\/p>\n\n\n\n<p><em>Un budget pr\u00e9visionnel est pr\u00e9vu pour les actions d\u2019aide sociale, mais le Conseil d&rsquo;Administration reste libre dans ses d\u00e9cisions, selon les dossiers et la conjoncture.<br>Les projets sont examin\u00e9s au cas par cas et vot\u00e9s par le conseil d\u2019Administration \u00e0 la majorit\u00e9 des pr\u00e9sents. Les d\u00e9cisions sont prises pour un an maximum.<\/em><\/p>\n\n\n\n<p class=\"has-text-align-right noJustify\"><em>(CR r\u00e9union CA du 26\/01\/2017 point 5.1.3)<\/em><\/p>\n\n\n\n<p>L\u2019association n\u2019a pas \u00e0 se substituer \u00e0 la MDPH pour les financements d\u2019\u00e9quipement, mais peut montrer son soutien par une aide.<\/p>\n\n\n\n<p>Les demandes d\u2019aides peuvent \u00eatre adress\u00e9es au bureau ou \u00e0 la cellule contact. Un formulaire simple permet de pr\u00e9senter la demande, qui doit \u00eatre chiffr\u00e9e (devis). <a href=\"https:\/\/www.arthrogrypose.fr\/p\/wp-content\/uploads\/2022\/01\/2017DemandeAide.doc\">formulairee demande d&rsquo;aide <\/a><br>Lorsque la demande semble suffisamment argument\u00e9e, elle est pr\u00e9sent\u00e9e en r\u00e9union de CA et vot\u00e9e \u00e0 la majorit\u00e9 ( r\u00e9sultat anonymis\u00e9).<\/p>\n\n\n\n<p>Le paiement a lieu sur pr\u00e9sentation de la facture pour prouver la r\u00e9alisation du projet. La r\u00e9alisation doit \u00eatre dans les 3 ans apr\u00e8s la demande.<\/p>\n\n\n\n<p>L&rsquo;association peut \u00e9galement vous aider pour <strong><a href=\"https:\/\/www.arthrogrypose.fr\/we\">venir au week-end rencontre<\/a><\/strong> annuel, ou pour <strong><a href=\"https:\/\/www.arthrogrypose.fr\/p\/centre-de-reference-labellise-maladies-rares\/\">r\u00e9aliser un bilan Arthrogrypose au CHU de Grenoble<\/a>.<\/strong><\/p>\n\n\n\n<p><\/p>\n\n\n\n<p><\/p>\n\n\n\n<p>En dehors des aspects financiers, l&rsquo;association peut essayer de r\u00e9pondre \u00e0 vos questions concernant l&rsquo;arthrogrypose, et vous guider dans les <a href=\"https:\/\/www.arthrogrypose.fr\/p\/les-demarches-administratives\/\">d\u00e9marches administratives<\/a>.<\/p>\n","protected":false},"excerpt":{"rendered":"<p>Dans le cadre de ses statuts et de son r\u00e8glement int\u00e9rieur, l&rsquo;association peut vous apporter une aide financi\u00e8re. Un budget pr\u00e9visionnel est pr\u00e9vu pour les actions d\u2019aide sociale, mais le Conseil d&rsquo;Administration reste libre dans ses d\u00e9cisions, selon les dossiers et la conjoncture.Les projets sont examin\u00e9s au cas par cas et vot\u00e9s par le conseil [&hellip;]<\/p>\n","protected":false},"author":4,"featured_media":0,"parent":0,"menu_order":0,"comment_status":"closed","ping_status":"closed","template":"","meta":{"_et_pb_use_builder":"off","_et_pb_old_content":"","_et_gb_content_width":"","inline_featured_image":false,"footnotes":""},"class_list":["post-305","page","type-page","status-publish","hentry"],"_links":{"self":[{"href":"https:\/\/www.arthrogrypose.fr\/p\/wp-json\/wp\/v2\/pages\/305","targetHints":{"allow":["GET"]}}],"collection":[{"href":"https:\/\/www.arthrogrypose.fr\/p\/wp-json\/wp\/v2\/pages"}],"about":[{"href":"https:\/\/www.arthrogrypose.fr\/p\/wp-json\/wp\/v2\/types\/page"}],"author":[{"embeddable":true,"href":"https:\/\/www.arthrogrypose.fr\/p\/wp-json\/wp\/v2\/users\/4"}],"replies":[{"embeddable":true,"href":"https:\/\/www.arthrogrypose.fr\/p\/wp-json\/wp\/v2\/comments?post=305"}],"version-history":[{"count":0,"href":"https:\/\/www.arthrogrypose.fr\/p\/wp-json\/wp\/v2\/pages\/305\/revisions"}],"wp:attachment":[{"href":"https:\/\/www.arthrogrypose.fr\/p\/wp-json\/wp\/v2\/media?parent=305"}],"curies":[{"name":"wp","href":"https:\/\/api.w.org\/{rel}","templated":true}]}}