{"id":291,"date":"2021-11-03T14:43:19","date_gmt":"2021-11-03T13:43:19","guid":{"rendered":"https:\/\/www.arthrogrypose.fr\/p\/?page_id=291"},"modified":"2026-03-25T17:57:05","modified_gmt":"2026-03-25T16:57:05","slug":"newsletters","status":"publish","type":"page","link":"https:\/\/www.arthrogrypose.fr\/p\/newsletters\/","title":{"rendered":"Newsletter"},"content":{"rendered":"\n<figure class=\"wp-block-image size-large\"><img loading=\"lazy\" decoding=\"async\" width=\"1024\" height=\"576\" src=\"https:\/\/www.arthrogrypose.fr\/p\/wp-content\/uploads\/2021\/11\/images5266-1024x576.jpg\" alt=\"Conversations\" class=\"wp-image-474\"\/><\/figure>\n\n\n\n<p>Vous pouvez vous inscrire \u00e0 la newsletter. Elle est encore rare et irr\u00e9guli\u00e8re, mais un jour, ce sera mieux !<\/p>\n\n\n\n<p>Nous vous demandons votre relation \u00e0 l&rsquo;arthrogrypose, car nous envoyons parfois des enqu\u00eates cibl\u00e9es concernant les adultes ou les enfants atteints.<\/p>\n\n\n\n<iframe loading=\"lazy\" src=\"https:\/\/newsletter.arthrogrypose.fr\/newsletter\/?p=subscribe&amp;id=1\" allow=\"fullscreen\" width=\"100%\" height=\"500px\"><\/iframe>\n\n\n\n<p>Les donn\u00e9es personnelles transmises lors de l\u2019inscription \u00e0 la newsletter sont g\u00e9r\u00e9es par l\u2019association, sans faire appel \u00e0 un prestataire externe. Les donn\u00e9es personnelles renseign\u00e9es sur ce site ne sont utilis\u00e9es qu\u2019aux fins associatives, conformes aux buts expos\u00e9s dans les statuts. Ces donn\u00e9es sont s\u00e9curis\u00e9es et ne sont en aucun cas diffus\u00e9es \u00e0 des tiers, ni utilis\u00e9es \u00e0 des fins commerciales ou publicitaires.<br>Tous les mails contiennent un lien vous permettant de vous d\u00e9sinscrire<\/p>\n\n\n\n<p>Conform\u00e9ment au RGPD ( R\u00e8glement G\u00e9n\u00e9ral sur la Protection des Donn\u00e9es ), vous avez un droit d\u2019acc\u00e8s, correction ou suppression des informations vous concernant en vous adressant au bureau de Association Alliance Arthrogrypose <a href=\"https:\/\/www.arthrogrypose.fr\/contact\/\">www.arthrogrypose.fr\/contact\/<\/a><\/p>\n","protected":false},"excerpt":{"rendered":"<p>Vous pouvez vous inscrire \u00e0 la newsletter. Elle est encore rare et irr\u00e9guli\u00e8re, mais un jour, ce sera mieux ! Nous vous demandons votre relation \u00e0 l&rsquo;arthrogrypose, car nous envoyons parfois des enqu\u00eates cibl\u00e9es concernant les adultes ou les enfants atteints. Les donn\u00e9es personnelles transmises lors de l\u2019inscription \u00e0 la newsletter sont g\u00e9r\u00e9es par l\u2019association, [&hellip;]<\/p>\n","protected":false},"author":4,"featured_media":0,"parent":0,"menu_order":0,"comment_status":"closed","ping_status":"closed","template":"","meta":{"_et_pb_use_builder":"off","_et_pb_old_content":"","_et_gb_content_width":"","inline_featured_image":false,"footnotes":""},"class_list":["post-291","page","type-page","status-publish","hentry"],"_links":{"self":[{"href":"https:\/\/www.arthrogrypose.fr\/p\/wp-json\/wp\/v2\/pages\/291","targetHints":{"allow":["GET"]}}],"collection":[{"href":"https:\/\/www.arthrogrypose.fr\/p\/wp-json\/wp\/v2\/pages"}],"about":[{"href":"https:\/\/www.arthrogrypose.fr\/p\/wp-json\/wp\/v2\/types\/page"}],"author":[{"embeddable":true,"href":"https:\/\/www.arthrogrypose.fr\/p\/wp-json\/wp\/v2\/users\/4"}],"replies":[{"embeddable":true,"href":"https:\/\/www.arthrogrypose.fr\/p\/wp-json\/wp\/v2\/comments?post=291"}],"version-history":[{"count":2,"href":"https:\/\/www.arthrogrypose.fr\/p\/wp-json\/wp\/v2\/pages\/291\/revisions"}],"predecessor-version":[{"id":2799,"href":"https:\/\/www.arthrogrypose.fr\/p\/wp-json\/wp\/v2\/pages\/291\/revisions\/2799"}],"wp:attachment":[{"href":"https:\/\/www.arthrogrypose.fr\/p\/wp-json\/wp\/v2\/media?parent=291"}],"curies":[{"name":"wp","href":"https:\/\/api.w.org\/{rel}","templated":true}]}}