{"id":284,"date":"2021-11-03T14:47:47","date_gmt":"2021-11-03T13:47:47","guid":{"rendered":"https:\/\/www.arthrogrypose.fr\/p\/?page_id=284"},"modified":"2025-04-08T19:17:40","modified_gmt":"2025-04-08T17:17:40","slug":"trucs-et-astuces","status":"publish","type":"page","link":"https:\/\/www.arthrogrypose.fr\/p\/trucs-et-astuces\/","title":{"rendered":"Trucs et astuces"},"content":{"rendered":"\n<figure class=\"wp-block-image size-large\"><img loading=\"lazy\" decoding=\"async\" width=\"1024\" height=\"576\" src=\"https:\/\/www.arthrogrypose.fr\/p\/wp-content\/uploads\/2021\/11\/images2432-1024x576.jpg\" alt=\"\" class=\"wp-image-500\" srcset=\"https:\/\/www.arthrogrypose.fr\/p\/wp-content\/uploads\/2021\/11\/images2432-980x551.jpg 980w, https:\/\/www.arthrogrypose.fr\/p\/wp-content\/uploads\/2021\/11\/images2432-480x270.jpg 480w\" sizes=\"(min-width: 0px) and (max-width: 480px) 480px, (min-width: 481px) and (max-width: 980px) 980px, (min-width: 981px) 1024px, 100vw\" \/><figcaption class=\"wp-element-caption\">Exemple de motillo pour apprendre \u00e0 marcher<\/figcaption><\/figure>\n\n\n\n<p>Sous cette rubrique, nous d\u00e9signons les petits am\u00e9nagements qui permettent de compenser\/contourner les limitations du handicap. Ce sont des appareils souvent du commerce, un peu modifi\u00e9s pour les adapter \u00e0 l&rsquo;usage. Selon l&rsquo;\u00e2ge, les objectifs \u00e9voluent.<\/p>\n\n\n\n<h3 class=\"wp-block-heading\" id=\"chez-le-tres-jeune-enfant\">Chez le tr\u00e8s jeune enfant<\/h3>\n\n\n\n<p id=\"block-938aea32-c467-44c7-8bb5-449891c0543f\"><strong>Dans le cadre de la r\u00e9\u00e9ducation de l&rsquo;arthrogrypose<\/strong> chez le tr\u00e8s jeune enfant, il faut que les parents analysent les obstacles qui emp\u00eachent l&rsquo;enfant de bouger et trouvent une solution pour contourner chaque obstacle.<\/p>\n\n\n\n<p>Par exemple, si vous deviez faire de l\u2019halt\u00e9rophilie, et que pour commencer, on vous donne des alt\u00e8res trop lourdes pour vous, vous ne pourrez jamais commencer et vous vous d\u00e9couragerez. Il faut commencer par des alt\u00e8res en carton avec les-quelles ont peu commencer et progresser en augmentant la difficult\u00e9 tr\u00e8s progressivement.<\/p>\n\n\n\n<p>Par exemple, pour un b\u00e9b\u00e9, il faut commencer par <strong>luter contre la pesanteur terrestre<\/strong> qui l&#8217;emp\u00eache de bouger ne serait-ce que ses bras : piscine (baignoire), ficelles avec contrepoids, portiques&#8230; et lui permettre de voir ses mains.<\/p>\n\n\n\n<figure class=\"wp-block-image size-full\"><img loading=\"lazy\" decoding=\"async\" width=\"640\" height=\"425\" src=\"https:\/\/www.arthrogrypose.fr\/p\/wp-content\/uploads\/2022\/01\/10JL-stimu-les-mains-2.jpg\" alt=\"\" class=\"wp-image-1110\" srcset=\"https:\/\/www.arthrogrypose.fr\/p\/wp-content\/uploads\/2022\/01\/10JL-stimu-les-mains-2.jpg 640w, https:\/\/www.arthrogrypose.fr\/p\/wp-content\/uploads\/2022\/01\/10JL-stimu-les-mains-2-480x319.jpg 480w\" sizes=\"(min-width: 0px) and (max-width: 480px) 480px, (min-width: 481px) 640px, 100vw\" \/><figcaption class=\"wp-element-caption\">Exemple d&rsquo;aide pour r\u00e9duire le poids des bras<\/figcaption><\/figure>\n\n\n\n<h3 class=\"wp-block-heading\" id=\"chez-l-enfant\">Chez l&rsquo;enfant<\/h3>\n\n\n\n<p>En grandissant, il faut r\u00e9fl\u00e9chir aux adaptations que l&rsquo;on peut faire pour <strong>am\u00e9liorer l&rsquo;autonomie<\/strong> de l&rsquo;enfant, en lui permettant autant que possible \u00e0 disposer d&rsquo;objets accessibles \u00e0 sa hauteur : rampe d&rsquo;escalier adapt\u00e9e, protection contre les chutes, mobilier adapt\u00e9 \u00e0 sa taille, manger en autonomie, etc&#8230;<\/p>\n\n\n\n<figure class=\"wp-block-image size-full\"><img loading=\"lazy\" decoding=\"async\" width=\"640\" height=\"426\" src=\"https:\/\/www.arthrogrypose.fr\/p\/wp-content\/uploads\/2022\/01\/10JL-repas-tablette3.jpg\" alt=\"\" class=\"wp-image-1112\" srcset=\"https:\/\/www.arthrogrypose.fr\/p\/wp-content\/uploads\/2022\/01\/10JL-repas-tablette3.jpg 640w, https:\/\/www.arthrogrypose.fr\/p\/wp-content\/uploads\/2022\/01\/10JL-repas-tablette3-480x320.jpg 480w\" sizes=\"(min-width: 0px) and (max-width: 480px) 480px, (min-width: 481px) 640px, 100vw\" \/><figcaption class=\"wp-element-caption\">Exemple d&rsquo;aide pour manger en autonomie<\/figcaption><\/figure>\n\n\n\n<h3 class=\"wp-block-heading\" id=\"chez-l-adolescent-et-l-adulte\">Chez l&rsquo;adolescent et l&rsquo;adulte<\/h3>\n\n\n\n<p>Plus tard, il faut r\u00e9fl\u00e9chir aux <strong>adaptations pour r\u00e9duire la fatigue<\/strong> : \u00e9quipements bien adapt\u00e9s sur mesures (tables, chaises, lavabo&#8230;), poign\u00e9es, tabouret une marche&#8230;<\/p>\n\n\n\n<p><\/p>\n\n\n\n<h2 class=\"wp-block-heading\" id=\"ressources-de-trucs-et-astuces\">Ressources de trucs et astuces<\/h2>\n\n\n\n<p>Sur notre liste interne d&rsquo;\u00e9changes, et lors de nos week-ends rencontre, nous \u00e9changeons sur les trucs et astuces mis en place entre nous.<\/p>\n\n\n\n<p>La publication des trucs et astuces se fait aussi sur la gazette, qui est reprise ensuite sur le site. En 2024, la m\u00e9diath\u00e8que de l&rsquo;espace membre contient 34 articles associ\u00e9s au filtre \u00ab&nbsp;<strong>#Trucs_Astuces<\/strong>&nbsp;\u00bb consultables ici :<br><a href=\"https:\/\/www.arthrogrypose.fr\/a\/mediatheque\/?filter=%22%23Trucs_Astuces%22\">https:\/\/www.arthrogrypose.fr\/a\/mediatheque\/?filter=%22%23Trucs_Astuces%22<\/a><\/p>\n\n\n\n<p><\/p>\n\n\n\n<h3 class=\"wp-block-heading\" id=\"plan-national-de-diagnostic-et-de-soins\">Plan National de Diagnostic et de Soins<\/h3>\n\n\n\n<p><a href=\"https:\/\/www.arthrogrypose.fr\/p\/pnds\/?pdfPage=76\">Annexe 13. Aides techniques d\u2019assistance au mouvement page 76<\/a><\/p>\n\n\n\n<h3 class=\"wp-block-heading\">Handinov, acc\u00e9l\u00e9rateur d\u2019autonomie<\/h3>\n\n\n\n<p>Merci \u00e0 l\u2019\u00e9quipe de Hizy.org et Handicap International pour la mise \u00e0 disposition de ce contenu : <br>qui a malheureusement disparu&#8230;<br>version 2023 en cache : <a href=\"https:\/\/web.archive.org\/web\/20230602173246\/https:\/\/handinov.com\/articles\/\" target=\"_blank\" rel=\"noreferrer noopener nofollow\">https:\/\/handinov.com\/articles\/<\/a><\/p>\n\n\n\n<h3 class=\"wp-block-heading\" id=\"les-papas-bricoleurs\">Les Papas Bricoleurs<\/h3>\n\n\n\n<p>A l&rsquo;origine, \u00ab\u00a0Les Papa bricoleurs\u00a0\u00bb \u00e9tait un concours sponsoris\u00e9 par une cha\u00eene de magasins de bricolage (\u00e0 dominante verte), pour d\u00e9cerner des r\u00e9compenses aux parents r\u00e9alisant des \u00ab\u00a0bricolages\u00a0\u00bb pour leurs enfants handicap\u00e9s et c&rsquo;\u00e9tait l&rsquo;occasion d&rsquo;\u00e9changer sur des id\u00e9es de bricolages. <\/p>\n\n\n\n<p>Depuis, l&rsquo;organisation a chang\u00e9 plusieurs fois de nom :  <a href=\"https:\/\/handicap-international.fr\/fr\/actualites\/papas-bricoleurs-mamans-astucieuses-et-cie-a-vos-souris\" target=\"_blank\" rel=\"noreferrer noopener\">Papas bricoleurs, mamans astucieuses et Cie<\/a> puis maintenant, on retrouve toutes les inventions sur le site <a href=\"https:\/\/concoursfablife.org\/\" target=\"_blank\" rel=\"noreferrer noopener\"><strong>concoursfablife.org\/<\/strong><\/a><\/p>\n\n\n\n<figure class=\"wp-block-image size-large\"><img loading=\"lazy\" decoding=\"async\" width=\"1024\" height=\"611\" src=\"https:\/\/www.arthrogrypose.fr\/p\/wp-content\/uploads\/2022\/05\/concoursfablife.org_-1024x611.jpg\" alt=\"\" class=\"wp-image-1935\" srcset=\"https:\/\/www.arthrogrypose.fr\/p\/wp-content\/uploads\/2022\/05\/concoursfablife.org_-1024x611.jpg 1024w, https:\/\/www.arthrogrypose.fr\/p\/wp-content\/uploads\/2022\/05\/concoursfablife.org_-980x584.jpg 980w, https:\/\/www.arthrogrypose.fr\/p\/wp-content\/uploads\/2022\/05\/concoursfablife.org_-480x286.jpg 480w\" sizes=\"(min-width: 0px) and (max-width: 480px) 480px, (min-width: 481px) and (max-width: 980px) 980px, (min-width: 981px) 1024px, 100vw\" \/><figcaption class=\"wp-element-caption\"><a href=\"https:\/\/concoursfablife.org\/\">concoursfablife.org<\/a><\/figcaption><\/figure>\n\n\n\n<p>Cela repr\u00e9sente un catalogue de r\u00e9alisations (plus ou moins complexe) qui peuvent vous donner des id\u00e9es pour votre enfant arthrogrypose. \u00c9videmment, tous les Papa, Maman, les oncles, tantes et voisin(e)s peuvent aussi apporter leurs contributions\u2026 Vous pouvez aussi trouver de l&rsquo;aide aupr\u00e8s d&rsquo;associations type \u00ab\u00a0fablab\u00a0\u00bb qui se g\u00e9n\u00e9ralisent dans les grandes et moyennes villes\u2026<\/p>\n\n\n\n<p><strong>Dans le cas de la r\u00e9\u00e9ducation de l&rsquo;arthrogrypose<\/strong> , les atteintes \u00e9tant diff\u00e9rentes d&rsquo;un enfant \u00e0 l&rsquo;autre, les conseils g\u00e9n\u00e9raux qui suivent doivent \u00eatre adapt\u00e9e \u00e0 votre situation personnelle, et ne sont que des pistes pour stimuler votre r\u00e9flexion.<\/p>\n\n\n\n<p>Chez le tr\u00e8s jeune enfant, il faut que les parents analysent l&rsquo;obstacle  qui emp\u00eache l&rsquo;enfant de bouger et trouvent une solution pour contourner cet obstacle.<\/p>\n\n\n\n<p>Par exemple, si vous deviez faire de l\u2019halt\u00e9rophilie, et que pour commencer, on vous donne des halt\u00e8res trop lourdes pour vous, vous ne pourrez jamais commencer et vous vous d\u00e9couragerez. Il faut commencer par des halt\u00e8res en carton avec lesquelles ont peut commencer et progresser en augmentant la difficult\u00e9 tr\u00e8s progressivement. <\/p>\n\n\n\n<p>Par exemple, pour un b\u00e9b\u00e9, il faut commencer par <strong>lutter contre la pesanteur terrestre<\/strong> qui l&#8217;emp\u00eache de bouger ne serait-ce que ses bras : piscine (baignoire), ficelles avec contrepoids,  portiques&#8230; et lui permettre de voir ses mains.<\/p>\n\n\n\n<p>Il faut recourir aux aspects ludiques, ou \u00e0 la curiosit\u00e9 naturelle pour solliciter l&rsquo;enfant \u00e0 bouger.<\/p>\n\n\n\n<p>En grandissant, il faut r\u00e9fl\u00e9chir aux adaptations que l&rsquo;on peut faire pour <strong>am\u00e9liorer l&rsquo;autonomie<\/strong> de l&rsquo;enfant, en lui permettant autant que possible \u00e0 disposer d&rsquo;objets accessibles \u00e0 sa hauteur : rampe d&rsquo;escalier adapt\u00e9e, meubles bas, lavabo plastique \u00e0 poser sur la baignoire ou sur table basse, rangements facilit\u00e9s par des caisses par exemple\u2026<\/p>\n\n\n\n<p>Plus tard, la r\u00e9flexion se porte sur les <strong>adaptations susceptibles de r\u00e9duire la fatigue<\/strong> : \u00e9quipements bien adapt\u00e9s sur mesures (tables, chaises, lavabo&#8230;)<\/p>\n\n\n\n<h3 class=\"wp-block-heading\">Exemple de ressource locale<\/h3>\n\n\n\n<p>Il arrive que des initiatives locales associent fablab, ergoth\u00e9rapeutes et autres m\u00e9dicaux et param\u00e9dicaux dans une m\u00eame structure&#8230; Peut-\u00eatre en existe-t-il dans votre ville.<\/p>\n\n\n\n<p>Dans cet exemple, Foug\u00e8res, simple sous-pr\u00e9fecture a la chance d&rsquo;en poss\u00e9der une :<br>article ouest-france.fr : <a href=\"https:\/\/www.ouest-france.fr\/bretagne\/fougeres-35300\/a-pas-de-chenille-un-lieu-unique-en-france-pour-prendre-en-charge-le-handicap-a-fougeres-4bcef87a-6450-11ee-84ee-9e4a9c99baa2\">\u00c0 pas de chenille, un lieu unique en France pour prendre en charge le handicap \u00e0 Foug\u00e8res <\/a><br><\/p>\n","protected":false},"excerpt":{"rendered":"<p>Sous cette rubrique, nous d\u00e9signons les petits am\u00e9nagements qui permettent de compenser\/contourner les limitations du handicap. Ce sont des appareils souvent du commerce, un peu modifi\u00e9s pour les adapter \u00e0 l&rsquo;usage. Selon l&rsquo;\u00e2ge, les objectifs \u00e9voluent. Chez le tr\u00e8s jeune enfant Dans le cadre de la r\u00e9\u00e9ducation de l&rsquo;arthrogrypose chez le tr\u00e8s jeune enfant, il [&hellip;]<\/p>\n","protected":false},"author":4,"featured_media":500,"parent":0,"menu_order":0,"comment_status":"closed","ping_status":"closed","template":"","meta":{"_et_pb_use_builder":"off","_et_pb_old_content":"","_et_gb_content_width":"","inline_featured_image":false,"footnotes":""},"class_list":["post-284","page","type-page","status-publish","has-post-thumbnail","hentry"],"_links":{"self":[{"href":"https:\/\/www.arthrogrypose.fr\/p\/wp-json\/wp\/v2\/pages\/284","targetHints":{"allow":["GET"]}}],"collection":[{"href":"https:\/\/www.arthrogrypose.fr\/p\/wp-json\/wp\/v2\/pages"}],"about":[{"href":"https:\/\/www.arthrogrypose.fr\/p\/wp-json\/wp\/v2\/types\/page"}],"author":[{"embeddable":true,"href":"https:\/\/www.arthrogrypose.fr\/p\/wp-json\/wp\/v2\/users\/4"}],"replies":[{"embeddable":true,"href":"https:\/\/www.arthrogrypose.fr\/p\/wp-json\/wp\/v2\/comments?post=284"}],"version-history":[{"count":5,"href":"https:\/\/www.arthrogrypose.fr\/p\/wp-json\/wp\/v2\/pages\/284\/revisions"}],"predecessor-version":[{"id":2657,"href":"https:\/\/www.arthrogrypose.fr\/p\/wp-json\/wp\/v2\/pages\/284\/revisions\/2657"}],"wp:featuredmedia":[{"embeddable":true,"href":"https:\/\/www.arthrogrypose.fr\/p\/wp-json\/wp\/v2\/media\/500"}],"wp:attachment":[{"href":"https:\/\/www.arthrogrypose.fr\/p\/wp-json\/wp\/v2\/media?parent=284"}],"curies":[{"name":"wp","href":"https:\/\/api.w.org\/{rel}","templated":true}]}}