{"id":281,"date":"2021-11-03T14:38:14","date_gmt":"2021-11-03T13:38:14","guid":{"rendered":"https:\/\/www.arthrogrypose.fr\/p\/?page_id=281"},"modified":"2026-02-25T11:24:12","modified_gmt":"2026-02-25T10:24:12","slug":"les-demarches-administratives","status":"publish","type":"page","link":"https:\/\/www.arthrogrypose.fr\/p\/les-demarches-administratives\/","title":{"rendered":"D\u00e9marches administratives"},"content":{"rendered":"\n<figure class=\"wp-block-image size-full\"><img loading=\"lazy\" decoding=\"async\" width=\"806\" height=\"448\" src=\"https:\/\/www.arthrogrypose.fr\/p\/wp-content\/uploads\/2022\/01\/Demarches-Administratives.jpg\" alt=\"\" class=\"wp-image-1130\" srcset=\"https:\/\/www.arthrogrypose.fr\/p\/wp-content\/uploads\/2022\/01\/Demarches-Administratives.jpg 806w, https:\/\/www.arthrogrypose.fr\/p\/wp-content\/uploads\/2022\/01\/Demarches-Administratives-480x267.jpg 480w\" sizes=\"(min-width: 0px) and (max-width: 480px) 480px, (min-width: 481px) 806px, 100vw\" \/><figcaption class=\"wp-element-caption\">Illustration du vocabulaire administratif&#8230; vous avez une vie pour le d\u00e9couvrir&#8230; <\/figcaption><\/figure>\n\n\n\n<p>La d\u00e9couverte du monde de l&rsquo;arthrogrypose passe par la d\u00e9couverte d&rsquo;un nouveau lot de d\u00e9marches administratives li\u00e9es \u00e0 la maladie et au handicap. Il existe un grand nombre d&rsquo;aides et d\u00e9marches d\u00e9sign\u00e9es par de nombreux sigles, qui peuvent  changer au fil des saisons&#8230;<\/p>\n\n\n\n<p>Orphanet tient \u00e0 jour un pr\u00e9cieux <strong>guide de la personnes malade d&rsquo;une maladie rare et handicap\u00e9e<\/strong>&#8230; T\u00e9l\u00e9chargez la derni\u00e8re \u00e9dition du Cahier Orphanet :<\/p>\n\n\n\n<div class=\"wp-block-columns is-layout-flex wp-container-core-columns-is-layout-1 wp-block-columns-is-layout-flex\">\n<div class=\"wp-block-column is-layout-flow wp-block-column-is-layout-flow\" style=\"flex-basis:25%\"><\/div>\n\n\n\n<div class=\"wp-block-column is-layout-flow wp-block-column-is-layout-flow\" style=\"flex-basis:50%\">\n<figure class=\"wp-block-image size-large\"><a href=\"https:\/\/www.arthrogrypose.fr\/p\/wp-content\/uploads\/2026\/02\/Vivre_avec_une_maladie_rare_en_France-2025.pdf\"><img decoding=\"async\" src=\"https:\/\/www.arthrogrypose.fr\/p\/wp-content\/uploads\/2022\/02\/Cahier-Orphanet-Vivre-avec-une-maladie-rare.jpg\" alt=\"Cahier Orphanet - Vivre avec une maladie rare\"\/><\/a><figcaption class=\"wp-element-caption\">T\u00e9l\u00e9charger le <a href=\"https:\/\/www.arthrogrypose.fr\/p\/wp-content\/uploads\/2026\/02\/Vivre_avec_une_maladie_rare_en_France-2025.pdf\" rel=\"nofollow\">PDF 94 pages<\/a><\/figcaption><\/figure>\n<\/div>\n\n\n\n<div class=\"wp-block-column is-layout-flow wp-block-column-is-layout-flow\" style=\"flex-basis:25%\"><\/div>\n<\/div>\n\n\n\n<p>Trouver les mises \u00e0 jour annuelles : <a href=\"https:\/\/www.orpha.net\/fr\/other-information\/reports\" target=\"_blank\" rel=\"noreferrer noopener\">www.orpha.net\/fr\/other-information\/reports<\/a><br><\/p>\n\n\n\n<p><\/p>\n\n\n\n<p>Vous avez \u00e9galement une ressource interactive :<\/p>\n\n\n\n<figure class=\"wp-block-image size-large\"><a href=\"http:\/\/parcourssantevie.maladiesraresinfo.org\/index.html\"><img loading=\"lazy\" decoding=\"async\" width=\"1024\" height=\"640\" src=\"https:\/\/www.arthrogrypose.fr\/p\/wp-content\/uploads\/2022\/05\/Maladies_Rares_un_cap_pour_chacun-1024x640.jpg\" alt=\"\" class=\"wp-image-1858\" srcset=\"https:\/\/www.arthrogrypose.fr\/p\/wp-content\/uploads\/2022\/05\/Maladies_Rares_un_cap_pour_chacun-1024x640.jpg 1024w, https:\/\/www.arthrogrypose.fr\/p\/wp-content\/uploads\/2022\/05\/Maladies_Rares_un_cap_pour_chacun-980x612.jpg 980w, https:\/\/www.arthrogrypose.fr\/p\/wp-content\/uploads\/2022\/05\/Maladies_Rares_un_cap_pour_chacun-480x300.jpg 480w\" sizes=\"(min-width: 0px) and (max-width: 480px) 480px, (min-width: 481px) and (max-width: 980px) 980px, (min-width: 981px) 1024px, 100vw\" \/><\/a><figcaption class=\"wp-element-caption\">une synth\u00e8se produite par la fili\u00e8re de sant\u00e9 maladies rares : <a href=\"http:\/\/parcourssantevie.maladiesraresinfo.org\/index.html\" target=\"_blank\" rel=\"noreferrer noopener\">cliquer ici<\/a><\/figcaption><\/figure>\n\n\n\n<p>La suite de cette page donne \u00e0 titre d&rsquo;illustration un aper\u00e7u fictif et incomplet  qu&rsquo;il faudra adapter \u00e0 votre arthrogrypose personnelle&#8230;<\/p>\n\n\n\n<h2 class=\"wp-block-heading\" id=\"a-la-naissance\">\u00c0 la naissance<\/h2>\n\n\n\n<h3 class=\"wp-block-heading\" id=\"la-reconnaissance-ald-par-la-securite-sociale\">La reconnaissance ALD par la s\u00e9curit\u00e9 sociale<\/h3>\n\n\n\n<p>La reconnaissance de l&rsquo;Arthrogrypose comme affection longue dur\u00e9e par la S\u00e9curit\u00e9 Sociale ne pose g\u00e9n\u00e9ralement pas de probl\u00e8me. Vous pouvez la demander via l&rsquo;h\u00f4pital ou votre m\u00e9decin traitant. Elle vous permet d&rsquo;\u00eatre pris en charge \u00e0 100% pour tous les soins relatifs \u00e0 l&rsquo;Arthrogrypose. A cet \u00e2ge, c&rsquo;est essentiellement les s\u00e9ances de kin\u00e9 quotidienne, avec prise en charge du d\u00e9placement du kin\u00e9 \u00e0 votre domicile, ou \u00e9ventuellement prise en charge (partielle) de votre d\u00e9placement au kin\u00e9.<\/p>\n\n\n\n<h3 class=\"wp-block-heading\" id=\"la-reconnaissance-d-handicap-par-la-mdph\">La reconnaissance d&rsquo;handicap par la MDPH<\/h3>\n\n\n\n<p>La MDPH (Maison d\u00e9partementale des Personnes Handicap\u00e9es cr\u00e9\u00e9es en 2005, ou dans certains d\u00e9partements MDA : Maison D\u00e9partementale de l&rsquo;Autonomie ) est normalement le point d&rsquo;entr\u00e9e de vos besoins par rapport au handicap.<\/p>\n\n\n\n<p>En d\u00e9clarant le handicap de votre enfant, vous pourrez toucher une aide financi\u00e8re (AEEH : Allocation d&rsquo;\u00c9ducation de l&rsquo;Enfant Handicap\u00e9 )<\/p>\n\n\n\n<p>Cette aide pourra \u00eatre major\u00e9e d&rsquo;un compl\u00e9ment (diff\u00e9rents montants) si l&rsquo;un des parents vient \u00e0 r\u00e9duire son temps de travail ou arr\u00eater son travail (compl\u00e9ment sans rapport avec le salaire perdu), ou si vous avez besoin d&rsquo;acheter un \u00e9quipement particulier.<\/p>\n\n\n\n<p>La reconnaissance du taux du handicap est complexe : ils examinent s&rsquo;il ne peut pas faire les gestes utiles qu&rsquo;un enfant de son \u00e2ge ferait : s&rsquo;habiller, manger, se d\u00e9placer&#8230;  Pour un b\u00e9b\u00e9, on vous r\u00e9pondra probablement qu&rsquo;il n&rsquo;est pas handicap\u00e9 par rapport \u00e0 un enfant du m\u00eame \u00e2ge, et vous aurez probablement au mieux un taux interm\u00e9diaire 50-79%.<\/p>\n\n\n\n<p>Les dossiers de demande aupr\u00e8s de la MDPH se composent g\u00e9n\u00e9ralement de 3 documents :<\/p>\n\n\n\n<ul class=\"wp-block-list\">\n<li>un certificat m\u00e9dical (g\u00e9n\u00e9ralement par un sp\u00e9cialiste la premi\u00e8re fois, puis renouvel\u00e9 par votre m\u00e9decin traitant ensuite). Gardez en une copie \u00e0 chaque fois, cela simplifiera le travail de votre m\u00e9decin traitant !<\/li>\n\n\n\n<li>un cerfa de 20 pages, avec toutes les demandes possibles, que vous ne remplissez que celles que vous demandez effectivement<\/li>\n\n\n\n<li>un \u00ab\u00a0projet de vie\u00a0\u00bb o\u00f9 vous d\u00e9crivez ce que vous\/votre enfant d\u00e9sire faire, et qui sera \u00e9tudi\u00e9 par la <strong>commission pluri-disciplinaire<\/strong>. Il semble bon d&rsquo;expliquer en termes simples ce que votre enfant handicap\u00e9 ne peut pas faire, pour que la commission pluri-disciplinaire comprenne bien les cons\u00e9quences du handicap, que la commission est justement l\u00e0 pour compenser.  Par ailleurs, d&rsquo;une ann\u00e9e sur l&rsquo;autre, les dossiers sont archiv\u00e9s, et donc la commission n&rsquo;a pas forc\u00e9ment la pr\u00e9c\u00e9dente demande et ses explications.<\/li>\n<\/ul>\n\n\n\n<p>Le temps de traitement des dossiers de demande MDPH sont d\u00e9sesp\u00e9r\u00e9ment longs : de 4 mois \u00e0 6 mois selon les d\u00e9partements. Il faut savoir anticiper ! Et la grande r\u00e8gle est que les factures pr\u00e9sent\u00e9es au remboursement doivent avoir une date post\u00e9rieures \u00e0 la d\u00e9cision d&rsquo;accord de la MDPH. Certains fournisseurs peuvent vous pr\u00eater un \u00e9quipement, en attendant de vous le vendre.<\/p>\n\n\n\n<h2 class=\"wp-block-heading\" id=\"scolarisation-en-maternelle\">Scolarisation en Maternelle<\/h2>\n\n\n\n<p>Si votre enfant ne marche pas et a besoin d&rsquo;un fauteuil, la reconnaissance d&rsquo;handicap &gt;= 80% devrait se faire rapidement.<\/p>\n\n\n\n<h2 class=\"wp-block-heading\" id=\"scolarisation-en-primaire-college\">Scolarisation en Primaire \/ coll\u00e8ge<\/h2>\n\n\n\n<p>Pour pr\u00e9parer la scolarisation, le mieux est de prendre contact avec l&rsquo;\u00e9cole et le m\u00e9decin scolaire. Suivant le degr\u00e9 d&rsquo;autonomie, il y aura probablement besoin de l&rsquo;aide d&rsquo;un(e) AVS (Auxiliaire de Vie Scolaire) que vous devrez demander \u00e0 la MDPH. C&rsquo;est la MDPH qui valide l&rsquo;inscription de votre enfant dans l&rsquo;\u00e9tablissement scolaire.<\/p>\n\n\n\n<p>Vous pouvez vous organiser avec l&rsquo;\u00e9tablissement pour caser les s\u00e9ances de kin\u00e9 pendant des cours de sport ou des permanences et pour organiser l&rsquo;accompagnement pendant le temps de cantine.<\/p>\n\n\n\n<p>En fin de primaire, si votre enfant marche, mais qu&rsquo;il est tr\u00e8s handicap\u00e9 des membres sup\u00e9rieurs, c&rsquo;est probablement une bonne p\u00e9riode pour faire reconna\u00eetre un v\u00e9ritable handicap (taux &gt;= 80% ). Les acquis de la r\u00e9\u00e9ducation ne progresseront plus beaucoup. Un certificat m\u00e9dical \u00e9tabli suite \u00e0 un bilan au centre de r\u00e9f\u00e9rence, et un projet de vie illustr\u00e9 de photos de votre enfant jouant en maillot de bain et expliquant les gestes qu&rsquo;il ne peut faire, permet de convaincre la CDA (commission pluri-disciplinaire des Droits et de l&rsquo;Autonomie)<\/p>\n\n\n\n<p>Lorsque vous avez la reconnaissance du 80% d\u2019 handicap, vous pouvez faire une demande de carte de stationnement handicap\u00e9, mais il vous faut expliquer quel est le besoin.<\/p>\n\n\n\n<h2 class=\"wp-block-heading\" id=\"16-ans-la-conduite-accompagnee-avant-le-permis\">16 ans, la conduite accompagn\u00e9e avant le permis<\/h2>\n\n\n\n<p>Vous devez d&rsquo;abord faire valider par un m\u00e9decin agr\u00e9\u00e9 par la pr\u00e9fecture la capacit\u00e9 de votre enfant \u00e0 conduire. Ce m\u00e9decin imposera probablement une liste d&rsquo;\u00e9quipements ou vous enverra faire un bilan dans un centre sp\u00e9cialis\u00e9 comme celui de Kerpap.<\/p>\n\n\n\n<p><\/p>\n\n\n\n<p>Il ne faut pas jouer avec la s\u00e9curit\u00e9, mais au t\u00e9moignage de certains, cette \u00e9tape est peut-\u00eatre sur protectrice et vous imposera une liste d&rsquo;\u00e9quipements que vous devrez garder toute votre vie. Il peut valoir la peine d\u00e8s 15 ans d\u2019entra\u00eener votre enfant \u00e0 conduire votre voiture (de pr\u00e9f\u00e9rence en boite automatique) sur un parking vide ou une impasse d\u00e9serte. Vous pouvez le filmer en situation de conduite ( entrer dans la voiture, s&rsquo;attacher, r\u00e9gler le r\u00e9troviseur, d\u00e9marrer, conduire ) et pr\u00e9senter le film au m\u00e9decin d\u00e9cideur, qui pourra d\u00e9cider que seule, la boite automatique est n\u00e9cessaire. En vieillissant, en cas de fatigue, il est possible de repasser et demander des \u00e9quipements suppl\u00e9mentaires.<\/p>\n\n\n\n<p><\/p>\n\n\n\n<p>Si vous n&rsquo;avez pas besoin d&rsquo;\u00e9quipements complexes, vous pouvez trouver dans votre ville une auto-\u00e9cole qui vous accepte. Sinon, il vous faut acqu\u00e9rir un v\u00e9hicule, y faire les modifications n\u00e9cessaires, ajouter au double p\u00e9dalier et demander \u00e0 l&rsquo;auto-\u00e9cole de faire les cours sur votre propre voiture am\u00e9nag\u00e9e.<\/p>\n\n\n\n<p>L&rsquo;examen du permis de conduire se fait sur votre v\u00e9hicule.<\/p>\n\n\n\n<p>Vous pouvez demander un badge de t\u00e9l\u00e9p\u00e9age (qui fonctionne aussi pour certains parkings). Si la personne handicap\u00e9e est titulaire de la carte grise, alors le badge peut \u00eatre gratuit ( vous ne payez pas les 2\u20ac\/mois, mais vous continuez \u00e0 payer les p\u00e9ages ! )<\/p>\n\n\n\n<h2 class=\"wp-block-heading\" id=\"18-ans-l-universite\">18 ans, l&rsquo;Universit\u00e9<\/h2>\n\n\n\n<p>L&rsquo;universit\u00e9 est un nouvel environnement avec de nouvelles r\u00e8gles et us et coutumes. Il y a un <strong>correspondant handicap<\/strong> et un <strong>m\u00e9decin universitaire<\/strong> que vous pouvez contacter pour voir comment organiser les \u00e9tudes. Bizarrement, il n&rsquo;y a plus d&rsquo;AVS, par contre, l&rsquo;Universit\u00e9 peut organiser la prise de notes (r\u00e9mun\u00e9r\u00e9e) par un \u00e9l\u00e8ve bin\u00f4me. Il est toujours possible de demander un \u00ab\u00a0tiers temps suppl\u00e9mentaire\u00a0\u00bb pour les examens.<\/p>\n\n\n\n<p>M\u00eame si les revenus de la famille sont trop \u00e9lev\u00e9s, le statut d\u2019 handicap peut permettre d&rsquo;obtenir une chambre PMR en r\u00e9sidence universitaire sur le Campus.<\/p>\n\n\n\n<p>La MDPH finance par la PCH (Prestation de compensation du Handicap)  des auxiliaires de vie qui peuvent passer au domicile de l&rsquo;\u00e9tudiant pour les aides \u00e0 la personne. La PCH peut \u00e9galement financer d&rsquo;\u00e9ventuels am\u00e9nagements.<\/p>\n\n\n\n<p>Si l&rsquo;enfant quitte le domicile familial pour un domicile d&rsquo;\u00e9tudiant, les aides AEEH s&rsquo;arr\u00eatent et le jeune adulte peut demander les aides AAH ( Allocation Adulte Handicap\u00e9) <\/p>\n\n\n\n<p>RQTH (Reconnaissance de Qualit\u00e9 de Travailleur Handicap\u00e9) cette reconnaissance de votre handicap permet \u00e0 votre future entreprise de profiter d&rsquo;aides financi\u00e8res pour favoriser l&#8217;emploi de personnes handicap\u00e9es. Cela peut vous favoriser dans la recherche d&rsquo;un emploi&#8230; ou pas&#8230;<\/p>\n\n\n\n<h2 class=\"wp-block-heading\" id=\"20-ans-pole-emploi\">20 ans, p\u00f4le emploi<\/h2>\n\n\n\n<p>A p\u00f4le emploi, les jeunes personnes handicap\u00e9es sont g\u00e9r\u00e9es au travers de la mission locale ou de \u00ab\u00a0Cap emploi\u00a0\u00bb maintenant int\u00e9gr\u00e9 \u00e0 \u00ab\u00a0Pole Emploi\u00a0\u00bb<\/p>\n\n\n\n<h2 class=\"wp-block-heading\" id=\"21-ans-au-travail\">21 ans, au travail<\/h2>\n\n\n\n<p>Une fois dans le monde du travail, vous pouvez contacter l&rsquo;Agefiph (Association de gestion du fonds pour l&rsquo;insertion des personnes handicap\u00e9es pour les entreprises, et FIPHFP: Fonds pour l&rsquo;Insertion des Personnes Handicap\u00e9es dans la Fonction publique ) pour financer des am\u00e9nagements n\u00e9cessaires pour vous permettre de travailler.<\/p>\n\n\n\n<p>Apr\u00e8s quelques mois de salaires sup\u00e9rieurs \u00e0 l&rsquo;AAH, l&rsquo;AAH est suspendue.<\/p>\n\n\n\n<h2 class=\"wp-block-heading\" id=\"64-ans-la-retraite\">64 ans, la retraite<\/h2>\n\n\n\n<p>Les personnes handicap\u00e9es ont des droits pour obtenir une retraite un peu anticip\u00e9e.<\/p>\n\n\n\n<p>D&rsquo;ailleurs, les parents ayant \u00e9lev\u00e9 un enfant handicap\u00e9 ayant touch\u00e9 l&rsquo;AEEH ont droit \u00e0 l&rsquo;\u00e9quivalent de 1 \u00e0 8 trimestres ( <a href=\"https:\/\/www.service-public.fr\/particuliers\/vosdroits\/F32127\" target=\"_blank\" rel=\"noreferrer noopener\">source<\/a> )<\/p>\n\n\n\n<details class=\"wp-block-jvm-details-summary\"><summary><h2>Le financement des fauteuils \u00e9lectriques<\/h2><\/summary><div>\n<p>Le r\u00e9gime de prise en charge \u00e0 chang\u00e9 en 2025&#8230; il faudra trouver des informations \u00e0 jour&#8230;<\/p>\n<\/div><\/details>\n\n\n\n<details class=\"wp-block-jvm-details-summary\"><summary><h2>Le financement du v\u00e9hicule am\u00e9nag\u00e9<\/h2><\/summary><div>\n<p>La soci\u00e9t\u00e9 vous aide \u00e0 financer les am\u00e9nagements du v\u00e9hicule, mais pas le v\u00e9hicule en lui-m\u00eame.<\/p>\n\n\n\n<p>La PCH am\u00e9nagement du v\u00e9hicule + surco\u00fbt transport est malheureusement plafonn\u00e9e. <\/p>\n\n\n\n<p>Il faut apr\u00e8s solliciter le fond de solidarit\u00e9 de la MDPH pour compl\u00e9ter l\u2019aide.<br>S\u2019il y a du reste \u00e0 charge, on peut solliciter des aides du d\u00e9partement, mais celles de la MDPH et d\u2019autres (mutuelle\u2026)<br>auront d\u00fb \u00eatre sollicit\u00e9es avant.<br>Le centre communal d\u2019action sociale CCAS peut alors intervenir en calculant le reste \u00e0 vivre selon chaque cas et voir si des aides peuvent \u00eatre d\u00e9bloqu\u00e9es ou pas. Ces aides sont multipartenariales.<\/p>\n<\/div><\/details>\n\n\n\n<details class=\"wp-block-jvm-details-summary\"><summary><h2>O\u00f9 trouver de l&rsquo;aide ?<\/h2><\/summary><div>\n<p>Cela vaut la peine de chercher des contacts locaux pouvant vous orienter dans le d\u00e9dale administratif. C&rsquo;est souvent en discutant que l&rsquo;on apprend qu&rsquo;il existe une aide pouvant vous \u00eatre attribu\u00e9e, et cela change selon l&rsquo;\u00e2ge et les r\u00e9formes d&rsquo;attribution. De plus, la gestion des aides \u00e9tant d\u00e9partementale, \u00e0 l&rsquo;occasion d&rsquo;un d\u00e9m\u00e9nagement entre d\u00e9partements, on peut avoir une variation de d\u00e9cision, dans un sens ou dans l&rsquo;autre&#8230; Vous pouvez trouver de l&rsquo;aide aupr\u00e8s de :<\/p>\n\n\n\n<ul class=\"wp-block-list\">\n<li>assistante sociale de l&rsquo;h\u00f4pital<\/li>\n\n\n\n<li>assistante sociale de la MDPH<\/li>\n\n\n\n<li>associations d&rsquo;int\u00e9gration des \u00e9tudiants<\/li>\n\n\n\n<li>des associations de malades, comme Alliance Arthrogrypose<\/li>\n\n\n\n<li>de grosses associations sur le handicap :\n<ul class=\"wp-block-list\">\n<li>Association des Paralys\u00e9s de France : <a href=\"https:\/\/www.apf-francehandicap.org\/en-situation-de-handicap-2607\" target=\"_blank\" rel=\"noreferrer noopener\">APF France handicap est l\u00e0 pour vous !<\/a><\/li>\n\n\n\n<li><s>hizy de handicap internationnal : <a href=\"https:\/\/hizy.org\/fr\/index\" target=\"_blank\" rel=\"noreferrer noopener\">hizy.org\/fr\/<\/a><\/s> remplac\u00e9 en 2022 par <a href=\"https:\/\/www.maboussoleaidants.fr\/\" target=\"_blank\" rel=\"noreferrer noopener\">https:\/\/www.maboussoleaidants.fr\/<\/a><\/li>\n<\/ul>\n<\/li>\n\n\n\n<li>les sites des MDPH\n<ul class=\"wp-block-list\">\n<li>chaque MDPH est d\u00e9partementale et d\u00e9veloppe son propre site Internet. Bien que vous releviez de votre d\u00e9partement, vous pouvez consulter les informations d&rsquo;autres d\u00e9partements qui peuvent \u00eatre plus r\u00e9centes ou mieux expliqu\u00e9es.<\/li>\n<\/ul>\n<\/li>\n<\/ul>\n<\/div><\/details>\n\n\n\n<details class=\"wp-block-jvm-details-summary\"><summary><h2>Exemple : cong\u00e9s suppl\u00e9mentaire&#8230;<\/h2><\/summary><div>\n<p>Pour exemple, ceci est la reprise d&rsquo;un \u00e9change sur notre mailing liste interne en mars 2023<\/p>\n\n\n\n<figure class=\"wp-block-table\"><table><tbody><tr><td>Bonjour \u00e0 tous ,<br>Je vous fais suivre un d\u00e9cret qui vient de para\u00eetre permettant d&rsquo;avoir 2 jours de cong\u00e9s suppl\u00e9mentaires pour les parents ayant un enfant atteint d&rsquo;une maladie chronique . Bonne lecture<br><code><em>Cong\u00e9 pour les parents d\u2019enfants atteints de pathologies chroniques : le d\u00e9cret est sorti Pris en application de la loi visant \u00e0 l\u2019accompagnement des enfants atteints de pathologies chroniques ou de cancer, un d\u00e9cret publi\u00e9 le 29 mars 2023 fixe la liste des pathologies chroniques ouvrant droit \u00e0 un cong\u00e9 sp\u00e9cifique pour les parents salari\u00e9s concern\u00e9s. Cong\u00e9 pour l\u2019annonce d\u2019une pathologie chronique ou d\u2019un cancer chez un enfant Pour rappel, la loi du 17 d\u00e9cembre 2021 a cr\u00e9\u00e9 un nouveau motif d\u2019absence pour \u00e9v\u00e9nement familial, en cas d\u2019annonce de la survenue chez un enfant d\u2019une pathologie chronique n\u00e9cessitant un apprentissage th\u00e9rapeutique ou d\u2019un cancer (loi 2021-1678 du 17 d\u00e9cembre 2021, JO du 18 ; c. trav. art. L. 3142-1, 5\u00b0). Il \u00e9tait en effet apparu n\u00e9cessaire de compl\u00e9ter les diff\u00e9rents cong\u00e9s existants, qui ne garantissent pas aux parents un droit d\u2019absence imm\u00e9diat \u00e0 l\u2019annonce de la maladie. Ce cong\u00e9 sp\u00e9cifique a une dur\u00e9e de 2 jours minimum (c. trav. art. L. 3142-4, 6\u00b0). Une convention ou un accord collectif d'entreprise ou, \u00e0 d\u00e9faut, une convention ou un accord de branche peut augmenter cette dur\u00e9e. Ce cong\u00e9 est entr\u00e9 en vigueur d\u00e8s le lendemain de la publication de la loi, soit le 19 d\u00e9cembre 2021, pour l\u2019annonce de la survenue d\u2019un cancer. En revanche, pour l\u2019annonce d\u2019une pathologie chronique, un d\u00e9cret \u00e9tait n\u00e9cessaire pour fixer la liste des pathologies chroniques vis\u00e9es. C\u2019est chose faite avec le d\u00e9cret du 27 mars 2023. Liste des pathologies chroniques concern\u00e9es Les pathologies chroniques permettant l\u2019octroi du cong\u00e9 sont (c. trav. art. D. 3142-1-2) : -les affections de longue dur\u00e9e list\u00e9es (c. s\u00e9c. soc. art. D. 160-4) et hors liste (c. s\u00e9c. soc. art. R. 160-12) ouvrant droit \u00e0 l'exon\u00e9ration du ticket mod\u00e9rateur (parmi les ALD list\u00e9es figurent notamment les cardiopathies cong\u00e9nitales graves, la mucoviscidose, l\u2019\u00e9pilepsie grave, la maladie de Crohn \u00e9volutive, la myopathie, les diab\u00e8tes de type 1 et de type 2) ; -les maladies rares r\u00e9pertori\u00e9es dans la nomenclature Orphanet (<a href=\"https:\/\/www.orpha.net\/consor\/cgi-bin\/index.php\">https:\/\/www.orpha.net\/consor\/cgi-bin\/index.php<\/a>) ; -les allergies s\u00e9v\u00e8res donnant lieu \u00e0 la prescription d'un traitement par voie injectable. Entr\u00e9e en vigueur Le d\u00e9cret entre en vigueur le 30 mars 2023, date \u00e0 partir de laquelle le salari\u00e9 peut donc b\u00e9n\u00e9ficier de son droit \u00e0 cong\u00e9 en cas d\u2019annonce de la survenue d\u2019une pathologie chronique chez son enfant. <\/em><\/code><br><code><em>D\u00e9cret 2023-215 du 27 mars 2023, JO du 29<\/em><\/code><br>Bonne journ\u00e9e<br>Christophe<\/td><\/tr><tr><td>Salut Christophe, merci pour l&rsquo;info<br>au fait j&rsquo;ai appris il y a 3 mois l&rsquo;existence de l&rsquo;APEH (allocation parent d&rsquo;enfant handicap\u00e9).<br>Pour l&rsquo;avoir , il faut \u00eatre dans la fonction publique et percevoir l&rsquo;AEEH.<br>J&rsquo;ai fait la demande \u00e0 ma RH et je la touche depuis le mois denier. Il s&rsquo;agit de 167\u20ac par mois !<br>On est content et forc\u00e9ment un peu d\u00e9\u00e7u de ne pas l&rsquo;avoir su plus t\u00f4t depuis toutes ces ann\u00e9es. (c&rsquo;est pas r\u00e9troactif malheureusement)<br>En tout cas, ceux qui sont dans notre situation et ne sont pas au courant de cette allocation seront peut-\u00eatre ravis d&rsquo;avoir l&rsquo;info.<br><a href=\"https:\/\/www.fonction-publique.gouv.fr\/etre-agent-public\/mon-quotidien-au-travail\/laction-sociale-interministerielle\/famille\/aide-aux-parents-denfants-handicapes\">https:\/\/www.fonction-publique.gouv.fr\/etre-agent-public\/mon-quotidien-au-travail\/laction-sociale-interministerielle\/famille\/aide-aux-parents-denfants-handicapes<\/a><br>Bonne journ\u00e9e \u00e0 toi<br>Matthieu<\/td><\/tr><tr><td>Merci Mathieu pour cette info d&rsquo;allocation que je ne connaissais pas. <br>Petit b\u00e9mol, \u00e7a concerne uniquement les fonctionnaires de la FPE (\u00e9tat) mais \u00e7a ne concerne ni les fonctionnaires territoriaux ni les hospitaliers.<br>Pour les agents hospitaliers ils peuvent demander une allocation annuelle enfant handicap\u00e9 au CGOS (comit\u00e9 des oeuvres sociales des hospitaliers), le montant varie en fonction du quotient familial, entre 800 et 1200 \u20ac par an, vers\u00e9s en une fois, enfant de &#8211; de 20 ans.<br>Bises<br>Adeline<\/td><\/tr><\/tbody><\/table><\/figure>\n\n\n\n<ul class=\"wp-block-list\">\n<li><\/li>\n<\/ul>\n<\/div><\/details>\n\n\n\n<p><\/p>\n\n\n\n<p><\/p>\n","protected":false},"excerpt":{"rendered":"<p>La d\u00e9couverte du monde de l&rsquo;arthrogrypose passe par la d\u00e9couverte d&rsquo;un nouveau lot de d\u00e9marches administratives li\u00e9es \u00e0 la maladie et au handicap. Il existe un grand nombre d&rsquo;aides et d\u00e9marches d\u00e9sign\u00e9es par de nombreux sigles, qui peuvent changer au fil des saisons&#8230; Orphanet tient \u00e0 jour un pr\u00e9cieux guide de la personnes malade d&rsquo;une [&hellip;]<\/p>\n","protected":false},"author":4,"featured_media":0,"parent":0,"menu_order":0,"comment_status":"closed","ping_status":"closed","template":"","meta":{"_et_pb_use_builder":"off","_et_pb_old_content":"","_et_gb_content_width":"","inline_featured_image":false,"footnotes":""},"class_list":["post-281","page","type-page","status-publish","hentry"],"_links":{"self":[{"href":"https:\/\/www.arthrogrypose.fr\/p\/wp-json\/wp\/v2\/pages\/281","targetHints":{"allow":["GET"]}}],"collection":[{"href":"https:\/\/www.arthrogrypose.fr\/p\/wp-json\/wp\/v2\/pages"}],"about":[{"href":"https:\/\/www.arthrogrypose.fr\/p\/wp-json\/wp\/v2\/types\/page"}],"author":[{"embeddable":true,"href":"https:\/\/www.arthrogrypose.fr\/p\/wp-json\/wp\/v2\/users\/4"}],"replies":[{"embeddable":true,"href":"https:\/\/www.arthrogrypose.fr\/p\/wp-json\/wp\/v2\/comments?post=281"}],"version-history":[{"count":6,"href":"https:\/\/www.arthrogrypose.fr\/p\/wp-json\/wp\/v2\/pages\/281\/revisions"}],"predecessor-version":[{"id":2766,"href":"https:\/\/www.arthrogrypose.fr\/p\/wp-json\/wp\/v2\/pages\/281\/revisions\/2766"}],"wp:attachment":[{"href":"https:\/\/www.arthrogrypose.fr\/p\/wp-json\/wp\/v2\/media?parent=281"}],"curies":[{"name":"wp","href":"https:\/\/api.w.org\/{rel}","templated":true}]}}