{"id":1914,"date":"2022-05-31T15:25:05","date_gmt":"2022-05-31T13:25:05","guid":{"rendered":"https:\/\/www.arthrogrypose.fr\/p\/?page_id=1914"},"modified":"2023-01-31T12:30:09","modified_gmt":"2023-01-31T11:30:09","slug":"lexique","status":"publish","type":"page","link":"https:\/\/www.arthrogrypose.fr\/p\/lexique\/","title":{"rendered":"Lexique"},"content":{"rendered":"\n<p><\/p>\n\n\n\n<p>1 Physiopathog\u00e9nie : \u00e9tude du fonctionnement de l\u2019organisme lorsqu\u2019il est troubl\u00e9 par la maladie<br>2 hypoplasie : d\u00e9veloppement insuffisant d\u2019un tissu ou d\u2019un organe<br>3 Embryog\u00e9n\u00e8se : d\u00e9veloppement de l\u2019embryon<br>4 Etiopathog\u00e9nie : \u00e9tude du m\u00e9canisme par lequel agissent les causes des maladies<br>5 ag\u00e9n\u00e9sie : arr\u00eat partiel de d\u00e9veloppement frappant l\u2019embryon et provoquant certaines atrophies et malformations<br>6 micrognatie : d\u00e9veloppement incomplet du maxillaire inf\u00e9rieur<br>7 polyhydramnios : abondance anormale du liquide amniotique<br>8 \u00e9tiologies : \u00e9tude des causes<br>9 embryopathie : terme groupant les malformations d\u00fbes \u00e0 certaines actions exerc\u00e9es sur le produit de la conception pendant la p\u00e9riode embryonnaire (les 2 ou 3 premiers mois)<br>10 hyperlaxit\u00e9 : grand d\u00e9faut de tension et de r\u00e9sistance dans les fibres musculaires conjonctives ou \u00e9lastiques<br>11 neurog\u00e8ne : se dit de tout ce qui est d\u2019origine nerveuse<br>12 myog\u00e8ne : se dit de tout ce qui est d\u2019origine musculaire<br>13 fibrodysplasie : trouble dans le d\u00e9veloppement des tissus fibreux entra\u00eenant des malformations<br>14 indur\u00e9s : durcis<br>15 angiomateuses : angiome : production circonscrite constitu\u00e9e par une agglom\u00e9ration de vaisseaux sanguins<br>16 varus \u00e9quin : d\u00e9vi\u00e9 en dedans, hyperextension du pied<br>17 idiopathique : se dit d\u2019une maladie qui existe par elle m\u00eame, ind\u00e9pendante de tout autre \u00e9tat morbide<br>18 calcan\u00e9um : os du talon<br>19 adduction : qui se rapproche du centre<br>20 r\u00e9curvatum : flexion invers\u00e9e<br>21 ant\u00e9pulsion : pousser devant<br>22 pronation : mouvement de l\u2019avant-bras qui fait faire \u00e0 la main une rotation de dehors en dedans<br>23 talus valgus : talus : le pied est en flexion forc\u00e9e et repose sur le talon ; valgus : le pied est d\u00e9vi\u00e9, la plante en dehors et repose sur son bord interne<br>24 autosomique : qui se rapporte aux chromosomes qui n\u2019ont pas d\u2019action sur la d\u00e9termination du sexe<br>25 \u00e9picanthus : repli que forme parfois la peau au devant de l\u2019angle interne de l\u2019oeil<br>26 coxa vara : d\u00e9viation du membre inf\u00e9rieur en adduction et rotation interne<br>27 ost\u00e9ochondrite : dystrophie de croissance frappant certaines r\u00e9gions ost\u00e9o-cartilagineuses (dystrophie : trouble de la nutrition d\u2019un organe)<br>28 t\u00e9notomies : section chirurgicale d\u2019un tendon<br>29 capsulotomies : incision d\u2019une capsule articulaire<br>30 ost\u00e9otomies : r\u00e9section partielle d\u2019un os<br>31 astragalectomie : extirpation de l\u2019astragale (os du tarse post\u00e9rieur)<br>32 arthrod\u00e8se : op\u00e9ration qui a pour but de provoquer l\u2019ankylose d\u2019une articulation<br>33 arthrotomie : ouverture chirurgicale d\u2019une articulation<br>34 tarsectomie : ablation d\u2019un os du tarse<br>35 ost\u00e9oclasie : m\u00e9thode th\u00e9rapeutique qui consiste \u00e0 redresser certaines difformit\u00e9s des os et articulations en fracturant un os<br>36 \u00e9piphysiod\u00e8se : op\u00e9ration destin\u00e9e \u00e0 freiner la croissance osseuse<br>37 trophiques : qui concerne la nutrition des tissus<br>38 dysplasie : trouble dans le d\u00e9veloppement de tissus ou d\u2019organes entra\u00eenant des malformations<br>39 abduction : qui s\u2019\u00e9loigne du centre (\u00e9cartement)<br>40 fascia lata : membrane fibreuse r\u00e9sistante limitant des loges musculaires ou des r\u00e9gions anatomiques<br>41 \u00e9pitrochl\u00e9ens : qui se rapporte \u00e0 la saillie osseuse situ\u00e9e au voisinage de l\u2019hum\u00e9rus<br>42 arthrolyse : op\u00e9ration destin\u00e9e \u00e0 rendre la mobilit\u00e9 \u00e0 une articulation ankylos\u00e9e et qui consiste principalement dans la section de la capsule et de ses ligaments<br>43 t\u00e9nod\u00e8se : op\u00e9ration pratiqu\u00e9e sur les tendons dans le pied paralytique \u00e9quin<\/p>\n\n\n\n<p>LEXIQUE NON MEDICAL<\/p>\n\n\n\n<p>AMR : Alliance Maladie rare ( Association d&rsquo;Associations concernant des maladies rares ).<\/p>\n","protected":false},"excerpt":{"rendered":"<p>1 Physiopathog\u00e9nie : \u00e9tude du fonctionnement de l\u2019organisme lorsqu\u2019il est troubl\u00e9 par la maladie2 hypoplasie : d\u00e9veloppement insuffisant d\u2019un tissu ou d\u2019un organe3 Embryog\u00e9n\u00e8se : d\u00e9veloppement de l\u2019embryon4 Etiopathog\u00e9nie : \u00e9tude du m\u00e9canisme par lequel agissent les causes des maladies5 ag\u00e9n\u00e9sie : arr\u00eat partiel de d\u00e9veloppement frappant l\u2019embryon et provoquant certaines atrophies et malformations6 micrognatie [&hellip;]<\/p>\n","protected":false},"author":4,"featured_media":0,"parent":0,"menu_order":0,"comment_status":"closed","ping_status":"closed","template":"","meta":{"_et_pb_use_builder":"off","_et_pb_old_content":"","_et_gb_content_width":"","inline_featured_image":false,"footnotes":""},"class_list":["post-1914","page","type-page","status-publish","hentry"],"_links":{"self":[{"href":"https:\/\/www.arthrogrypose.fr\/p\/wp-json\/wp\/v2\/pages\/1914","targetHints":{"allow":["GET"]}}],"collection":[{"href":"https:\/\/www.arthrogrypose.fr\/p\/wp-json\/wp\/v2\/pages"}],"about":[{"href":"https:\/\/www.arthrogrypose.fr\/p\/wp-json\/wp\/v2\/types\/page"}],"author":[{"embeddable":true,"href":"https:\/\/www.arthrogrypose.fr\/p\/wp-json\/wp\/v2\/users\/4"}],"replies":[{"embeddable":true,"href":"https:\/\/www.arthrogrypose.fr\/p\/wp-json\/wp\/v2\/comments?post=1914"}],"version-history":[{"count":1,"href":"https:\/\/www.arthrogrypose.fr\/p\/wp-json\/wp\/v2\/pages\/1914\/revisions"}],"predecessor-version":[{"id":2325,"href":"https:\/\/www.arthrogrypose.fr\/p\/wp-json\/wp\/v2\/pages\/1914\/revisions\/2325"}],"wp:attachment":[{"href":"https:\/\/www.arthrogrypose.fr\/p\/wp-json\/wp\/v2\/media?parent=1914"}],"curies":[{"name":"wp","href":"https:\/\/api.w.org\/{rel}","templated":true}]}}