{"id":1218,"date":"2022-01-20T10:55:38","date_gmt":"2022-01-20T09:55:38","guid":{"rendered":"https:\/\/www.arthrogrypose.fr\/p\/?page_id=1218"},"modified":"2026-03-10T22:16:52","modified_gmt":"2026-03-10T21:16:52","slug":"nous-contacter","status":"publish","type":"page","link":"https:\/\/www.arthrogrypose.fr\/p\/nous-contacter\/","title":{"rendered":"Nous contacter"},"content":{"rendered":"\n<figure class=\"wp-block-image size-large\"><img loading=\"lazy\" decoding=\"async\" width=\"1024\" height=\"576\" src=\"https:\/\/www.arthrogrypose.fr\/p\/wp-content\/uploads\/2021\/10\/Screenshot-at-2018-06-25-213301-1024x576.png\" alt=\"\" class=\"wp-image-159\" srcset=\"https:\/\/www.arthrogrypose.fr\/p\/wp-content\/uploads\/2021\/10\/Screenshot-at-2018-06-25-213301-980x551.png 980w, https:\/\/www.arthrogrypose.fr\/p\/wp-content\/uploads\/2021\/10\/Screenshot-at-2018-06-25-213301-480x270.png 480w\" sizes=\"(min-width: 0px) and (max-width: 480px) 480px, (min-width: 481px) and (max-width: 980px) 980px, (min-width: 981px) 1024px, 100vw\" \/><figcaption class=\"wp-element-caption\">Photo d&rsquo;Illustration : l&rsquo;association n&rsquo;a pas de salari\u00e9, juste des b\u00e9n\u00e9voles \ud83d\ude42 <\/figcaption><\/figure>\n\n\n\n<p>Vous pouvez nous contacter par diff\u00e9rents moyens : un message t\u00e9l\u00e9phonique ou un mail \u00e0 notre cellule de contact, un mail \u00e0 un membre du bureau, un mail ou un appel t\u00e9l\u00e9phonique aupr\u00e8s de membres volontaires.<\/p>\n\n\n\n<h2 class=\"wp-block-heading\" id=\"envoyer-un-message-a-notre-cellule-de-contact\">Envoyer un message \u00e0 notre cellule de contact<\/h2>\n\n\n\n<p>Notre cellule de contact est compos\u00e9e de membres b\u00e9n\u00e9voles de l\u2019association ayant suivi une formation pour mieux vous \u00e9couter et conseiller dans vos questions.Votre message sera automatiquement transmis \u00e0 plusieurs membres volontaires. La personne la plus concern\u00e9e et la plus disponible vous contactera par mail ou par t\u00e9l\u00e9phone dans les meilleurs d\u00e9lais.<\/p>\n\n\n\n<p>Envoyer message :<div class=\"su-tabs su-tabs-style-default su-tabs-mobile-stack\" data-active=\"1\" data-scroll-offset=\"0\" data-anchor-in-url=\"no\"><div class=\"su-tabs-nav\"><span class=\"\" data-url=\"\" data-target=\"blank\" tabindex=\"0\" role=\"button\">par mail<\/span><span class=\"\" data-url=\"\" data-target=\"blank\" tabindex=\"0\" role=\"button\">sur r\u00e9pondeur t\u00e9l\u00e9phonique<\/span><span class=\"\" data-url=\"\" data-target=\"blank\" tabindex=\"0\" role=\"button\">par formulaire<\/span><span class=\"\" data-url=\"\" data-target=\"blank\" tabindex=\"0\" role=\"button\">par facebook<\/span><\/div><div class=\"su-tabs-panes\"><div class=\"su-tabs-pane su-u-clearfix su-u-trim\" data-title=\"par mail\">\n\n\n\n<p><a href=\"mailto:contact2022@arthrogrypose.fr\">contact<\/a> <br>(votre mailer peut s\u2019ouvrir dans une fen\u00eatre en arri\u00e8re-plan)<\/div>\n<div class=\"su-tabs-pane su-u-clearfix su-u-trim\" data-title=\"sur r\u00e9pondeur t\u00e9l\u00e9phonique\">\n\n\n\n<p>Num\u00e9ro non surtax\u00e9 : <a href=\"tel:+33183623087\">01 83 62 30 87<\/a><\/div>\n<div class=\"su-tabs-pane su-u-clearfix su-u-trim\" data-title=\"par formulaire\">\n\n\n\n<p><a href=\"https:\/\/www.arthrogrypose.fr\/p\/formulaire-de-contact\/\">Formulaire contact<\/a><\/div>\n<div class=\"su-tabs-pane su-u-clearfix su-u-trim\" data-title=\"par facebook\">\n\n\n\n<p>Une partie de la cellule contact vous \u00e9coute sur<br> <a href=\"https:\/\/www.facebook.com\/Alliance.Arthrogrypose\" target=\"_blank\" rel=\"noreferrer noopener\">www.facebook.com\/Alliance.Arthrogrypose<\/a> <br><a href=\"https:\/\/www.facebook.com\/groups\/326784815541\" target=\"_blank\" rel=\"noreferrer noopener\">facebook Arthrogrypose Multiple Cong\u00e9nitale<\/a> <\/div><\/div><\/div>\n\n\n\n<h2 class=\"wp-block-heading\" id=\"envoyer-un-message-au-bureau\">Envoyer un message au bureau<\/h2>\n\n\n\n<p>(cliquer sur la photo pour envoyer un mail)<\/p>\n\n\n\n<div id=\"MembresBureau\" class=\"wp-block-group portrait34 is-layout-grid wp-container-core-group-is-layout-1 wp-block-group-is-layout-grid\">\n<figure class=\"wp-block-image alignleft size-full is-resized\"><a href=\"mailto:alexis.sarlat@mail-arthrogrypose.fr\"><img loading=\"lazy\" decoding=\"async\" width=\"432\" height=\"577\" src=\"https:\/\/www.arthrogrypose.fr\/p\/wp-content\/uploads\/2025\/11\/Alexis.Sarlat.25.png\" alt=\"\" class=\"wp-image-2723\" style=\"width:100px\" srcset=\"https:\/\/www.arthrogrypose.fr\/p\/wp-content\/uploads\/2025\/11\/Alexis.Sarlat.25.png 432w, https:\/\/www.arthrogrypose.fr\/p\/wp-content\/uploads\/2025\/11\/Alexis.Sarlat.25-225x300.png 225w\" sizes=\"(max-width: 432px) 100vw, 432px\" \/><\/a><figcaption class=\"wp-element-caption\">Alexis Sarlat<br>Pr\u00e9sident<\/figcaption><\/figure>\n\n\n\n<figure class=\"wp-block-image alignleft size-full is-resized\"><a href=\"mailto:anais.peyre@mail-arthrogrypose.fr\"><img loading=\"lazy\" decoding=\"async\" width=\"433\" height=\"577\" src=\"https:\/\/www.arthrogrypose.fr\/p\/wp-content\/uploads\/2022\/01\/secretaire-adjointe.png\" alt=\"\" class=\"wp-image-1265\" style=\"width:100px\" srcset=\"https:\/\/www.arthrogrypose.fr\/p\/wp-content\/uploads\/2022\/01\/secretaire-adjointe.png 433w, https:\/\/www.arthrogrypose.fr\/p\/wp-content\/uploads\/2022\/01\/secretaire-adjointe-225x300.png 225w\" sizes=\"(max-width: 433px) 100vw, 433px\" \/><\/a><figcaption class=\"wp-element-caption\">Ana\u00efs Peyre<br>Vice-Pr\u00e9sidente<br><\/figcaption><\/figure>\n\n\n\n<figure class=\"wp-block-image alignleft size-full is-resized\"><a href=\"mailto:dominique.kegelaer@mail-arthrogrypose.fr\"><img loading=\"lazy\" decoding=\"async\" width=\"300\" height=\"400\" src=\"https:\/\/www.arthrogrypose.fr\/p\/wp-content\/uploads\/2024\/12\/Dominique.Kegelaer23.png\" alt=\"\" class=\"wp-image-2587\" style=\"width:100px\" srcset=\"https:\/\/www.arthrogrypose.fr\/p\/wp-content\/uploads\/2024\/12\/Dominique.Kegelaer23.png 300w, https:\/\/www.arthrogrypose.fr\/p\/wp-content\/uploads\/2024\/12\/Dominique.Kegelaer23-225x300.png 225w\" sizes=\"(max-width: 300px) 100vw, 300px\" \/><\/a><figcaption class=\"wp-element-caption\">Dominique Kegelaer <br>Tr\u00e9sori\u00e8re<br>21, Av de la gare<br>51800 Valmy<br><\/figcaption><\/figure>\n\n\n\n<figure class=\"wp-block-image alignleft size-full is-resized\"><a href=\"mailto:sara.idouahmane@mail-arthrogrypose.fr\"><img loading=\"lazy\" decoding=\"async\" width=\"434\" height=\"575\" src=\"https:\/\/www.arthrogrypose.fr\/p\/wp-content\/uploads\/2026\/03\/sara.idouahmane25.png\" alt=\"\" class=\"wp-image-2790\" style=\"width:100px\" srcset=\"https:\/\/www.arthrogrypose.fr\/p\/wp-content\/uploads\/2026\/03\/sara.idouahmane25.png 434w, https:\/\/www.arthrogrypose.fr\/p\/wp-content\/uploads\/2026\/03\/sara.idouahmane25-226x300.png 226w\" sizes=\"(max-width: 434px) 100vw, 434px\" \/><\/a><figcaption class=\"wp-element-caption\">Sara Idouahmane<br>Secr\u00e9taire<\/figcaption><\/figure>\n\n\n\n<figure class=\"wp-block-image alignleft size-full is-resized\"><a href=\"mailto:philippe.duvivier@mail-arthrogrypose.fr\"><img loading=\"lazy\" decoding=\"async\" width=\"300\" height=\"400\" src=\"https:\/\/www.arthrogrypose.fr\/p\/wp-content\/uploads\/2024\/12\/Philippe.Duvivier23.png\" alt=\"\" class=\"wp-image-2597\" style=\"width:100px\" srcset=\"https:\/\/www.arthrogrypose.fr\/p\/wp-content\/uploads\/2024\/12\/Philippe.Duvivier23.png 300w, https:\/\/www.arthrogrypose.fr\/p\/wp-content\/uploads\/2024\/12\/Philippe.Duvivier23-225x300.png 225w\" sizes=\"(max-width: 300px) 100vw, 300px\" \/><\/a><figcaption class=\"wp-element-caption\">Philippe Duvivier<br>webmaster<br><\/figcaption><\/figure>\n\n\n\n<p><\/p>\n<\/div>\n\n\n\n<p><\/p>\n\n\n\n<p><\/p>\n\n\n\n<p><\/p>\n\n\n\n<p><\/p>\n\n\n\n<p><\/p>\n\n\n\n<p><\/p>\n\n\n\n<p class=\"clearfix\"><\/p>\n\n\n\n<h2 class=\"wp-block-heading\" id=\"nous-contacter-par-courrier-postal\">Nous contacter par courrier postal<\/h2>\n\n\n\n<p>L\u2019adresse officielle de l\u2019association est depuis 2010 :<\/p>\n\n\n\n<p class=\"has-text-align-center noJustify\"><strong>Association Alliance Arthrogrypose<br>36, la Bosserie Sainte Anne<br>35133 Romagn\u00e9<\/strong><\/p>\n\n\n\n<h2 class=\"wp-block-heading\" id=\"rgpd-reglement-europeen-sur-la-protection-des-donnees\">RGPD (R\u00e8glement europ\u00e9en sur la protection des donn\u00e9es)<\/h2>\n\n\n\n<p>Dans le cadre de vos contacts avec notre association, des informations concernant votre contact sont enregistr\u00e9es dans le fichier de l\u2019association, accessible \u00e0 la cellule contact.<\/p>\n\n\n\n<p>Pour exercer <a href=\"https:\/\/www.arthrogrypose.fr\/p\/informations-legales\/\">votre droit d\u2019acc\u00e8s<\/a> \u00e0 vos informations personnelles ou les faire supprimer, merci de vous adresser \u00e0 l\u2019adresse mail de la cellule contact.<\/p>\n\n\n\n<h2 class=\"wp-block-heading\" id=\"contact-webmasters\">Contact webmasters :<\/h2>\n\n\n\n<p>Merci d\u2019\u00e9crire aux webmasters pour signaler les erreurs du site, ou vos probl\u00e8mes \u00e0 l\u2019utiliser\u2026N&rsquo;h\u00e9sitez pas \u00e0 proposer une solution alternative&#8230; <\/p>\n\n\n\n<div class=\"wp-block-columns are-vertically-aligned-center is-layout-flex wp-container-core-columns-is-layout-3 wp-block-columns-is-layout-flex\">\n<div class=\"wp-block-column is-vertically-aligned-center is-layout-flow wp-block-column-is-layout-flow\" style=\"flex-basis:100%\">\n<div class=\"wp-block-columns is-layout-flex wp-container-core-columns-is-layout-2 wp-block-columns-is-layout-flex\">\n<div class=\"wp-block-column is-layout-flow wp-block-column-is-layout-flow\" style=\"flex-basis:100%\">\n<div class=\"wp-block-columns is-layout-flex wp-container-core-columns-is-layout-1 wp-block-columns-is-layout-flex\">\n<div class=\"wp-block-column is-layout-flow wp-block-column-is-layout-flow\" style=\"flex-basis:100%\">\n<div id=\"MembresBureau\" class=\"wp-block-group portrait34 is-layout-flow wp-block-group-is-layout-flow\">\n<p><\/p>\n<\/div>\n<\/div>\n<\/div>\n<\/div>\n<\/div>\n<\/div>\n<\/div>\n\n\n\n<div class=\"wp-block-group portrait34 is-layout-flow wp-block-group-is-layout-flow\">\n<div class=\"wp-block-columns is-layout-flex wp-container-core-columns-is-layout-4 wp-block-columns-is-layout-flex\">\n<div class=\"wp-block-column is-layout-flow wp-block-column-is-layout-flow\"><\/div>\n\n\n\n<div class=\"wp-block-column is-vertically-aligned-center is-layout-flow wp-block-column-is-layout-flow\"><\/div>\n\n\n\n<div class=\"wp-block-column is-layout-flow wp-block-column-is-layout-flow\"><\/div>\n<\/div>\n<\/div>\n","protected":false},"excerpt":{"rendered":"<p>Vous pouvez nous contacter par diff\u00e9rents moyens : un message t\u00e9l\u00e9phonique ou un mail \u00e0 notre cellule de contact, un mail \u00e0 un membre du bureau, un mail ou un appel t\u00e9l\u00e9phonique aupr\u00e8s de membres volontaires. Envoyer un message \u00e0 notre cellule de contact Notre cellule de contact est compos\u00e9e de membres b\u00e9n\u00e9voles de l\u2019association [&hellip;]<\/p>\n","protected":false},"author":4,"featured_media":0,"parent":0,"menu_order":0,"comment_status":"closed","ping_status":"closed","template":"","meta":{"_et_pb_use_builder":"off","_et_pb_old_content":"","_et_gb_content_width":"","inline_featured_image":false,"footnotes":""},"class_list":["post-1218","page","type-page","status-publish","hentry"],"_links":{"self":[{"href":"https:\/\/www.arthrogrypose.fr\/p\/wp-json\/wp\/v2\/pages\/1218","targetHints":{"allow":["GET"]}}],"collection":[{"href":"https:\/\/www.arthrogrypose.fr\/p\/wp-json\/wp\/v2\/pages"}],"about":[{"href":"https:\/\/www.arthrogrypose.fr\/p\/wp-json\/wp\/v2\/types\/page"}],"author":[{"embeddable":true,"href":"https:\/\/www.arthrogrypose.fr\/p\/wp-json\/wp\/v2\/users\/4"}],"replies":[{"embeddable":true,"href":"https:\/\/www.arthrogrypose.fr\/p\/wp-json\/wp\/v2\/comments?post=1218"}],"version-history":[{"count":25,"href":"https:\/\/www.arthrogrypose.fr\/p\/wp-json\/wp\/v2\/pages\/1218\/revisions"}],"predecessor-version":[{"id":2794,"href":"https:\/\/www.arthrogrypose.fr\/p\/wp-json\/wp\/v2\/pages\/1218\/revisions\/2794"}],"wp:attachment":[{"href":"https:\/\/www.arthrogrypose.fr\/p\/wp-json\/wp\/v2\/media?parent=1218"}],"curies":[{"name":"wp","href":"https:\/\/api.w.org\/{rel}","templated":true}]}}